{"id":9731,"date":"2015-10-21T13:54:56","date_gmt":"2015-10-21T11:54:56","guid":{"rendered":"http:\/\/www.marcmolk.fr\/neo\/?page_id=9731&#038;lang=fr"},"modified":"2015-10-21T14:22:04","modified_gmt":"2015-10-21T12:22:04","slug":"beaute-endormie-7-janvier-27-fevrier-2011-galeria-dos-prazeres-madere","status":"publish","type":"page","link":"https:\/\/www.marcmolk.fr\/fr\/peinture\/vues-dexpositions\/beaute-endormie-7-janvier-27-fevrier-2011-galeria-dos-prazeres-madere\/","title":{"rendered":"Beaut\u00e9 endormie, 7 Janvier > 27 f\u00e9vrier 2011, Galeria dos prazeres, Mad\u00e8re"},"content":{"rendered":"<p>[vc_row][vc_column width=\u00a0\u00bb1\/3&Prime;][vc_text_separator title=\u00a0\u00bbBeaut\u00e9 endormie\u00a0\u00bb subtitle=\u00a0\u00bbGaleria dos prazeres, Mad\u00e8re, 2011&Prime; style=\u00a0\u00bblarge\u00a0\u00bb align=\u00a0\u00bbleft\u00a0\u00bb margin=\u00a0\u00bb30&Prime;][\/vc_column][vc_column width=\u00a0\u00bb2\/3&Prime; css=\u00a0\u00bb.vc_custom_1445419995270{border-top-width: 0px !important;border-right-width: 0px !important;border-bottom-width: 0px !important;border-left-width: 0px !important;padding-top: 0px !important;padding-right: 0px !important;padding-bottom: 0px !important;padding-left: 0px !important;background-image: url(http:\/\/www.marcmolk.fr\/neo\/wp-content\/uploads\/2015\/08\/fond-rayures-1sur1.jpg?id=1447) !important;}\u00a0\u00bb][\/vc_column][\/vc_row][vc_row][vc_column width=\u00a0\u00bb1\/3&Prime;][\/vc_column][vc_column width=\u00a0\u00bb2\/3&Prime;][vc_column_text]<\/p>\n<div class=\"krown-thumbnail-gallery clearfix\"><a class=\"fancybox fancybox-thumb first\" data-fancybox-group=\"gallery-1\" data-fancybox-title=\"Beaut\u00e9 endormie, 7 Janvier > 27 f\u00e9vrier 2011, Galeria dos prazeres, Mad\u00e8re\" href=\"https:\/\/www.marcmolk.fr\/neo\/wp-content\/uploads\/2015\/10\/prazeres_marcmolk_01.jpg\" style=\"width:33.333333333333%\"><img src=\"https:\/\/www.marcmolk.fr\/neo\/wp-content\/uploads\/2015\/10\/prazeres_marcmolk_01-432x432.jpg\" alt=\"Beaut\u00e9 endormie, 7 Janvier > 27 f\u00e9vrier 2011, Galeria dos prazeres, Mad\u00e8re\" \/><\/a><a class=\"fancybox fancybox-thumb\" data-fancybox-group=\"gallery-1\" data-fancybox-title=\"Beaut\u00e9 endormie, 7 Janvier > 27 f\u00e9vrier 2011, Galeria dos prazeres, Mad\u00e8re\" href=\"https:\/\/www.marcmolk.fr\/neo\/wp-content\/uploads\/2015\/10\/prazeres_marcmolk_02.jpg\" style=\"width:33.333333333333%\"><img src=\"https:\/\/www.marcmolk.fr\/neo\/wp-content\/uploads\/2015\/10\/prazeres_marcmolk_02-432x432.jpg\" alt=\"Beaut\u00e9 endormie, 7 Janvier > 27 f\u00e9vrier 2011, Galeria dos prazeres, Mad\u00e8re\" \/><\/a><a class=\"fancybox fancybox-thumb last\" data-fancybox-group=\"gallery-1\" data-fancybox-title=\"Beaut\u00e9 endormie, 7 Janvier > 27 f\u00e9vrier 2011, Galeria dos prazeres, Mad\u00e8re\" href=\"https:\/\/www.marcmolk.fr\/neo\/wp-content\/uploads\/2015\/10\/prazeres_marcmolk_03.jpg\" style=\"width:33.333333333333%\"><img src=\"https:\/\/www.marcmolk.fr\/neo\/wp-content\/uploads\/2015\/10\/prazeres_marcmolk_03-432x432.jpg\" alt=\"Beaut\u00e9 endormie, 7 Janvier > 27 f\u00e9vrier 2011, Galeria dos prazeres, Mad\u00e8re\" \/><\/a><a class=\"fancybox fancybox-thumb first\" data-fancybox-group=\"gallery-1\" data-fancybox-title=\"Beaut\u00e9 endormie, 7 Janvier > 27 f\u00e9vrier 2011, Galeria dos prazeres, Mad\u00e8re\" href=\"https:\/\/www.marcmolk.fr\/neo\/wp-content\/uploads\/2015\/10\/prazeres_marcmolk_04.jpg\" style=\"width:33.333333333333%\"><img src=\"https:\/\/www.marcmolk.fr\/neo\/wp-content\/uploads\/2015\/10\/prazeres_marcmolk_04-432x432.jpg\" alt=\"Beaut\u00e9 endormie, 7 Janvier > 27 f\u00e9vrier 2011, Galeria dos prazeres, Mad\u00e8re\" \/><\/a><a class=\"fancybox fancybox-thumb\" data-fancybox-group=\"gallery-1\" data-fancybox-title=\"Beaut\u00e9 endormie, 7 Janvier > 27 f\u00e9vrier 2011, Galeria dos prazeres, Mad\u00e8re\" href=\"https:\/\/www.marcmolk.fr\/neo\/wp-content\/uploads\/2015\/10\/prazeres_marcmolk_05.jpg\" style=\"width:33.333333333333%\"><img src=\"https:\/\/www.marcmolk.fr\/neo\/wp-content\/uploads\/2015\/10\/prazeres_marcmolk_05-432x432.jpg\" alt=\"Beaut\u00e9 endormie, 7 Janvier > 27 f\u00e9vrier 2011, Galeria dos prazeres, Mad\u00e8re\" \/><\/a><a class=\"fancybox fancybox-thumb last\" data-fancybox-group=\"gallery-1\" data-fancybox-title=\"Beaut\u00e9 endormie, 7 Janvier > 27 f\u00e9vrier 2011, Galeria dos prazeres, Mad\u00e8re\" href=\"https:\/\/www.marcmolk.fr\/neo\/wp-content\/uploads\/2015\/10\/prazeres_marcmolk_06.jpg\" style=\"width:33.333333333333%\"><img src=\"https:\/\/www.marcmolk.fr\/neo\/wp-content\/uploads\/2015\/10\/prazeres_marcmolk_06-432x432.jpg\" alt=\"Beaut\u00e9 endormie, 7 Janvier > 27 f\u00e9vrier 2011, Galeria dos prazeres, Mad\u00e8re\" \/><\/a><a class=\"fancybox fancybox-thumb first\" data-fancybox-group=\"gallery-1\" data-fancybox-title=\"Beaut\u00e9 endormie, 7 Janvier > 27 f\u00e9vrier 2011, Galeria dos prazeres, Mad\u00e8re\" href=\"https:\/\/www.marcmolk.fr\/neo\/wp-content\/uploads\/2015\/10\/prazeres_marcmolk_07.jpg\" style=\"width:33.333333333333%\"><img src=\"https:\/\/www.marcmolk.fr\/neo\/wp-content\/uploads\/2015\/10\/prazeres_marcmolk_07-432x432.jpg\" alt=\"Beaut\u00e9 endormie, 7 Janvier > 27 f\u00e9vrier 2011, Galeria dos prazeres, Mad\u00e8re\" \/><\/a><a class=\"fancybox fancybox-thumb\" data-fancybox-group=\"gallery-1\" data-fancybox-title=\"Beaut\u00e9 endormie, 7 Janvier > 27 f\u00e9vrier 2011, Galeria dos prazeres, Mad\u00e8re\" href=\"https:\/\/www.marcmolk.fr\/neo\/wp-content\/uploads\/2015\/10\/prazeres_marcmolk_08.jpg\" style=\"width:33.333333333333%\"><img src=\"https:\/\/www.marcmolk.fr\/neo\/wp-content\/uploads\/2015\/10\/prazeres_marcmolk_08-432x432.jpg\" alt=\"Beaut\u00e9 endormie, 7 Janvier > 27 f\u00e9vrier 2011, Galeria dos prazeres, Mad\u00e8re\" \/><\/a><a class=\"fancybox fancybox-thumb last\" data-fancybox-group=\"gallery-1\" data-fancybox-title=\"Beaut\u00e9 endormie, 7 Janvier > 27 f\u00e9vrier 2011, Galeria dos prazeres, Mad\u00e8re\" href=\"https:\/\/www.marcmolk.fr\/neo\/wp-content\/uploads\/2015\/10\/prazeres_marcmolk_09.jpg\" style=\"width:33.333333333333%\"><img src=\"https:\/\/www.marcmolk.fr\/neo\/wp-content\/uploads\/2015\/10\/prazeres_marcmolk_09-432x432.jpg\" alt=\"Beaut\u00e9 endormie, 7 Janvier > 27 f\u00e9vrier 2011, Galeria dos prazeres, Mad\u00e8re\" \/><\/a><a class=\"fancybox fancybox-thumb first\" data-fancybox-group=\"gallery-1\" data-fancybox-title=\"Beaut\u00e9 endormie, 7 Janvier > 27 f\u00e9vrier 2011, Galeria dos prazeres, Mad\u00e8re\" href=\"https:\/\/www.marcmolk.fr\/neo\/wp-content\/uploads\/2015\/10\/prazeres_marcmolk_10.jpg\" style=\"width:33.333333333333%\"><img src=\"https:\/\/www.marcmolk.fr\/neo\/wp-content\/uploads\/2015\/10\/prazeres_marcmolk_10-432x432.jpg\" alt=\"Beaut\u00e9 endormie, 7 Janvier > 27 f\u00e9vrier 2011, Galeria dos prazeres, Mad\u00e8re\" \/><\/a><\/div>\n<p>[\/vc_column_text][\/vc_column][\/vc_row]<\/p>\n","protected":false},"excerpt":{"rendered":"<p>[vc_row][vc_column width=\u00a0\u00bb1\/3&Prime;][vc_text_separator title=\u00a0\u00bbBeaut\u00e9 endormie\u00a0\u00bb subtitle=\u00a0\u00bbGaleria dos prazeres, Mad\u00e8re, 2011&Prime; style=\u00a0\u00bblarge\u00a0\u00bb align=\u00a0\u00bbleft\u00a0\u00bb margin=\u00a0\u00bb30&Prime;][\/vc_column][vc_column width=\u00a0\u00bb2\/3&Prime; css=\u00a0\u00bb.vc_custom_1445419995270{border-top-width: 0px !important;border-right-width: 0px !important;border-bottom-width: 0px !important;border-left-width: 0px !important;padding-top: 0px !important;padding-right: 0px !important;padding-bottom: 0px !important;padding-left: 0px !important;background-image: url(http:\/\/www.marcmolk.fr\/neo\/wp-content\/uploads\/2015\/08\/fond-rayures-1sur1.jpg?id=1447) !important;}\u00a0\u00bb][\/vc_column][\/vc_row][vc_row][vc_column width=\u00a0\u00bb1\/3&Prime;][\/vc_column][vc_column width=\u00a0\u00bb2\/3&Prime;][vc_column_text] [\/vc_column_text][\/vc_column][\/vc_row]<\/p>\n","protected":false},"author":1,"featured_media":0,"parent":2033,"menu_order":0,"comment_status":"closed","ping_status":"open","template":"","meta":[],"_links":{"self":[{"href":"https:\/\/www.marcmolk.fr\/fr\/wp-json\/wp\/v2\/pages\/9731"}],"collection":[{"href":"https:\/\/www.marcmolk.fr\/fr\/wp-json\/wp\/v2\/pages"}],"about":[{"href":"https:\/\/www.marcmolk.fr\/fr\/wp-json\/wp\/v2\/types\/page"}],"author":[{"embeddable":true,"href":"https:\/\/www.marcmolk.fr\/fr\/wp-json\/wp\/v2\/users\/1"}],"replies":[{"embeddable":true,"href":"https:\/\/www.marcmolk.fr\/fr\/wp-json\/wp\/v2\/comments?post=9731"}],"version-history":[{"count":3,"href":"https:\/\/www.marcmolk.fr\/fr\/wp-json\/wp\/v2\/pages\/9731\/revisions"}],"predecessor-version":[{"id":9742,"href":"https:\/\/www.marcmolk.fr\/fr\/wp-json\/wp\/v2\/pages\/9731\/revisions\/9742"}],"up":[{"embeddable":true,"href":"https:\/\/www.marcmolk.fr\/fr\/wp-json\/wp\/v2\/pages\/2033"}],"wp:attachment":[{"href":"https:\/\/www.marcmolk.fr\/fr\/wp-json\/wp\/v2\/media?parent=9731"}],"curies":[{"name":"wp","href":"https:\/\/api.w.org\/{rel}","templated":true}]}}