{"id":9066,"date":"2015-09-24T23:02:30","date_gmt":"2015-09-24T21:02:30","guid":{"rendered":"http:\/\/www.marcmolk.fr\/neo\/?page_id=9066&#038;lang=fr"},"modified":"2015-10-04T18:29:30","modified_gmt":"2015-10-04T16:29:30","slug":"eloise-lievre-les-dessins-mouilles-de-marc-molk-janvier-2010","status":"publish","type":"page","link":"https:\/\/www.marcmolk.fr\/fr\/peinture\/textes\/eloise-lievre-les-dessins-mouilles-de-marc-molk-janvier-2010\/","title":{"rendered":"Elo\u00efse Li\u00e8vre, \u00ab Les dessins mouill\u00e9s de Marc Molk \u00bb, janvier 2010"},"content":{"rendered":"<p>[vc_row][vc_column width=\u00a0\u00bb2\/3&Prime; css=\u00a0\u00bb.vc_custom_1439818767254{background-image: url(http:\/\/www.marcmolk.fr\/neo\/wp-content\/uploads\/2015\/08\/fond-rayures-1sur3-gauche.jpg?id=1445) !important;}\u00a0\u00bb][\/vc_column][vc_column width=\u00a0\u00bb1\/3&Prime;][vc_text_separator title=\u00a0\u00bbElo\u00efse Li\u00e8vre\u00a0\u00bb subtitle=\u00a0\u00bb\u00ab Les dessins mouill\u00e9s de Marc Molk \u00bb, janvier 2010&Prime; style=\u00a0\u00bblarge\u00a0\u00bb align=\u00a0\u00bbright\u00a0\u00bb margin=\u00a0\u00bb30&Prime;][\/vc_column][\/vc_row][vc_row][vc_column width=\u00a0\u00bb2\/3&Prime;][vc_column_text]<\/p>\n<p style=\"text-align: justify;\">Puisqu\u2019il faut parler, \u00e9crire, enrober de mots, sarcler, d\u00e9crire, alors il faut tout d\u2019abord noter la technique employ\u00e9e, et sa m\u00e9lancolie intrins\u00e8que, son c\u00f4t\u00e9 \u00ab inond\u00e9 de larmes \u00bb. Marc Molk r\u00e9alise \u00ab des dessins mouill\u00e9s \u00bb.<\/p>\n<p style=\"text-align: justify;\">Il faut du courage pour abandonner ainsi des compositions soign\u00e9es, au trait fin, gourmandes en temps, en pr\u00e9cision, \u00e0 l\u2019action de l\u2019eau. Je me suis laiss\u00e9 dire d\u2019ailleurs que plusieurs dessins, beaucoup, n\u2019y avaient pas surv\u00e9cu. On ne commande pas \u00e0 l\u2019eau d\u2019aller \u00e0 gauche ou \u00e0 droite, ou si peu. Le trait se dissout, perd en rigueur, gagne en fluidit\u00e9, en complexit\u00e9. Parfois ce sont des cheveux qui s\u2019en \u00e9chappent et forment une sorte de crini\u00e8re. Parfois on dirait les traces du cr\u00e9pitement d\u2019une pluie minuscule et torrentielle, qui d\u00e9sagr\u00e8ge \u00ab le fil du trait \u00bb. Ce fil reste pourtant toujours pr\u00e9sent, quelquefois sous la forme d\u2019une trace fant\u00f4me, presque orang\u00e9e.<\/p>\n<p style=\"text-align: justify;\">Car il faut parler de couleur. Ces dessins sont rouges, ou plut\u00f4t rouges-roses. On pense au sang, trop \u00e9vident, aux toiles de Jouy dans les sc\u00e8nes qui mettent en jeu la for\u00eat, c\u2019est une piste, \u00e0 l\u2019encre des corrections, des bonnes et des moins bonnes notes, au rose du courrier du c\u0153ur, au rose de l\u2019innocence et \u00e0 celui du sexuel. Mais finalement c\u2019est la douceur qu\u2019il faut retenir, la douceur d\u2019un trait qui \u00ab fait saigner \u00bb le papier, comme il arrive que le papier nous fasse saigner, quand la tranche d\u2019une feuille, en lame de rasoir, nous coupe le doigt.<\/p>\n<p style=\"text-align: justify;\">Cette l\u00e9g\u00e8re atteinte, cette alt\u00e9ration assum\u00e9e, se retrouve dans les sujets repr\u00e9sent\u00e9s. Des sujets \u00e0 la fois apparemment nostalgiques d\u2019\u00e9v\u00e9nements pass\u00e9s et toujours un peu acides. Telle jeune fille a eu un chat en cadeau mais son sourire fait peur et l\u2019on dirait qu\u2019elle serre trop l\u2019animal. La r\u00e9union de cette bande d\u2019amis dans l\u2019eau des Gorges du Verdon il y a longtemps a quelque chose aussi de ridicule, au-del\u00e0 de l\u2019\u00e9trange tristesse qui se d\u00e9gage de la sc\u00e8ne.<\/p>\n<p style=\"text-align: justify;\">Marc Molk, dans cette s\u00e9rie de dessins mouill\u00e9s, donne l\u2019impression de souffrir d\u2019un \u00ab spleen rose \u00bb, d\u2019une maladie de l\u2019\u00e2me en demi-teinte. Une \u00e2me qui ne croit plus, ni \u00e0 la conservation des choses, ni \u00e0 celle des \u00eatres. Et qui laisse ses dessins vivre le m\u00eame destin sous la pluie.<\/p>\n<p>[\/vc_column_text][\/vc_column][vc_column width=\u00a0\u00bb1\/3&Prime; css=\u00a0\u00bb.vc_custom_1439818446419{background-image: url(http:\/\/www.marcmolk.fr\/neo\/wp-content\/uploads\/2015\/08\/fond-rayures-1sur1.jpg?id=1447) !important;}\u00a0\u00bb][vc_column_text]<div class=\"printfriendly pf-button  pf-alignleft\"><a href=\"https:\/\/www.marcmolk.fr\/fr\/peinture\/textes\/eloise-lievre-les-dessins-mouilles-de-marc-molk-janvier-2010\/?pfstyle=wp\" rel=\"nofollow\" onClick=\"pfTrackEvent('Elo\u00efse Li\u00e8vre, \u00ab Les dessins mouill\u00e9s de Marc Molk \u00bb, janvier 2010'); return false;\" title=\"Printer Friendly, PDF & Email\"><img class=\"pf-button-img\" src=\"https:\/\/cdn.printfriendly.com\/buttons\/print-button-gray.png\" alt=\"Print Friendly, PDF & Email\" style=\"width: 66px;height: 24px;\"  \/><\/a><\/div>[\/vc_column_text][\/vc_column][\/vc_row]<\/p>\n","protected":false},"excerpt":{"rendered":"<p>[vc_row][vc_column width=\u00a0\u00bb2\/3&Prime; css=\u00a0\u00bb.vc_custom_1439818767254{background-image: url(http:\/\/www.marcmolk.fr\/neo\/wp-content\/uploads\/2015\/08\/fond-rayures-1sur3-gauche.jpg?id=1445) !important;}\u00a0\u00bb][\/vc_column][vc_column width=\u00a0\u00bb1\/3&Prime;][vc_text_separator title=\u00a0\u00bbElo\u00efse Li\u00e8vre\u00a0\u00bb subtitle=\u00a0\u00bb\u00ab Les dessins mouill\u00e9s de Marc Molk \u00bb, janvier 2010&Prime; style=\u00a0\u00bblarge\u00a0\u00bb align=\u00a0\u00bbright\u00a0\u00bb margin=\u00a0\u00bb30&Prime;][\/vc_column][\/vc_row][vc_row][vc_column width=\u00a0\u00bb2\/3&Prime;][vc_column_text] Puisqu\u2019il faut parler, \u00e9crire, enrober de mots, sarcler, d\u00e9crire, alors il faut tout d\u2019abord noter la technique employ\u00e9e, et sa m\u00e9lancolie intrins\u00e8que, son c\u00f4t\u00e9 \u00ab inond\u00e9 de larmes \u00bb. Marc Molk r\u00e9alise \u00ab [&hellip;]<\/p>\n","protected":false},"author":1,"featured_media":0,"parent":2021,"menu_order":0,"comment_status":"closed","ping_status":"open","template":"","meta":[],"_links":{"self":[{"href":"https:\/\/www.marcmolk.fr\/fr\/wp-json\/wp\/v2\/pages\/9066"}],"collection":[{"href":"https:\/\/www.marcmolk.fr\/fr\/wp-json\/wp\/v2\/pages"}],"about":[{"href":"https:\/\/www.marcmolk.fr\/fr\/wp-json\/wp\/v2\/types\/page"}],"author":[{"embeddable":true,"href":"https:\/\/www.marcmolk.fr\/fr\/wp-json\/wp\/v2\/users\/1"}],"replies":[{"embeddable":true,"href":"https:\/\/www.marcmolk.fr\/fr\/wp-json\/wp\/v2\/comments?post=9066"}],"version-history":[{"count":9,"href":"https:\/\/www.marcmolk.fr\/fr\/wp-json\/wp\/v2\/pages\/9066\/revisions"}],"predecessor-version":[{"id":9138,"href":"https:\/\/www.marcmolk.fr\/fr\/wp-json\/wp\/v2\/pages\/9066\/revisions\/9138"}],"up":[{"embeddable":true,"href":"https:\/\/www.marcmolk.fr\/fr\/wp-json\/wp\/v2\/pages\/2021"}],"wp:attachment":[{"href":"https:\/\/www.marcmolk.fr\/fr\/wp-json\/wp\/v2\/media?parent=9066"}],"curies":[{"name":"wp","href":"https:\/\/api.w.org\/{rel}","templated":true}]}}