{"id":2052,"date":"2015-08-03T23:39:27","date_gmt":"2015-08-03T21:39:27","guid":{"rendered":"http:\/\/www.marcmolk.fr\/neo\/?page_id=2052&#038;lang=fr"},"modified":"2021-06-27T15:01:03","modified_gmt":"2021-06-27T13:01:03","slug":"videos","status":"publish","type":"page","link":"https:\/\/www.marcmolk.fr\/fr\/videos\/","title":{"rendered":"Vid\u00e9os"},"content":{"rendered":"<p>[vc_row][vc_column][vc_text_separator title=\u00a0\u00bbConvalescence de la peinture fran\u00e7aise\u00a0\u00bb subtitle=\u00a0\u00bbM\u00e9diath\u00e8que L&rsquo;Echo, Kremlin-Bic\u00eatre, 2021&Prime;][\/vc_column][\/vc_row][vc_row][vc_column width=\u00a0\u00bb1\/2&Prime; css=\u00a0\u00bb.vc_custom_1446417631141{border-top-width: 0px !important;padding-top: 0px !important;}\u00a0\u00bb][vc_text_separator title=\u00a0\u00bbEntretien avec Carole Fives\u00a0\u00bb subtitle=\u00a0\u00bb60M\u00a0\u00bb style=\u00a0\u00bbsmall\u00a0\u00bb][vc_separator][vc_column_text]O\u00f9 il est question de la mort de la Mort de la Peinture.<\/p>\n<p>Entretien r\u00e9alis\u00e9 \u00e0 l&rsquo;invitation de Caroles Fives, auteur de \u00ab\u00a0T\u00e9r\u00e9benthine\u00a0\u00bb (\u00e9ditions Gallimard), \u00e0 l&rsquo;occasion de sa r\u00e9sidence \u00e0 la M\u00e9diath\u00e8que.[\/vc_column_text][vc_separator][\/vc_column][vc_column width=\u00a0\u00bb1\/2&Prime; css=\u00a0\u00bb.vc_custom_1446417261235{border-width: 0px !important;padding: 0px !important;}\u00a0\u00bb][vc_raw_html]JTNDaWZyYW1lJTIwd2lkdGglM0QlMjI1NjAlMjIlMjBoZWlnaHQlM0QlMjIzMTUlMjIlMjBzcmMlM0QlMjJodHRwcyUzQSUyRiUyRnd3dy55b3V0dWJlLmNvbSUyRmVtYmVkJTJGdUpfNnJtUDQ4NXMlMjIlMjB0aXRsZSUzRCUyMllvdVR1YmUlMjB2aWRlbyUyMHBsYXllciUyMiUyMGZyYW1lYm9yZGVyJTNEJTIyMCUyMiUyMGFsbG93ZnVsbHNjcmVlbiUzRSUzQyUyRmlmcmFtZSUzRQ==[\/vc_raw_html][\/vc_column][\/vc_row][vc_row][vc_column css=\u00a0\u00bb.vc_custom_1457636352570{border-top-width: 0px !important;border-right-width: 0px !important;border-bottom-width: 0px !important;border-left-width: 0px !important;padding-top: 0px !important;padding-right: 0px !important;padding-bottom: 0px !important;padding-left: 0px !important;background-color: #ffffff !important;}\u00a0\u00bb][vc_separator][\/vc_column][\/vc_row][vc_row][vc_column][vc_text_separator title=\u00a0\u00bbL&rsquo;Atelier A.\u00a0\u00bb subtitle=\u00a0\u00bbARTE, 2015&Prime;][\/vc_column][\/vc_row][vc_row][vc_column width=\u00a0\u00bb1\/2&Prime; css=\u00a0\u00bb.vc_custom_1446417631141{border-top-width: 0px !important;padding-top: 0px !important;}\u00a0\u00bb][vc_text_separator title=\u00a0\u00bbLes histoires d&rsquo;amour\u00a0\u00bb subtitle=\u00a0\u00bb9 mn\u00a0\u00bb style=\u00a0\u00bbsmall\u00a0\u00bb][vc_separator][vc_column_text]Visite d&rsquo;atelier.[\/vc_column_text][vc_separator]<div class=\"krown-text-icon style-one\"><a class=\"icon-wrap\" href=\"https:\/\/www.arte.tv\/fr\/videos\/057123-031-A\/marc-molk\/\" target=\"_blank\"><i class=\"fa fa-fw fa-video-camera fa-regular\" style=\"color:#dd3333\"><\/i><h5>Vid\u00e9o sur le site d'ARTE<\/h5><\/a><\/div>[\/vc_column][vc_column width=\u00a0\u00bb1\/2&Prime; css=\u00a0\u00bb.vc_custom_1446417261235{border-width: 0px !important;padding: 0px !important;}\u00a0\u00bb][vc_raw_html]JTNDaWZyYW1lJTIwd2lkdGglM0QlMjI1NjAlMjIlMjBoZWlnaHQlM0QlMjIzMTUlMjIlMjBzcmMlM0QlMjJodHRwcyUzQSUyRiUyRnd3dy55b3V0dWJlLmNvbSUyRmVtYmVkJTJGUWg5ZXpSMGM0VDglMjIlMjBmcmFtZWJvcmRlciUzRCUyMjAlMjIlMjBhbGxvd2Z1bGxzY3JlZW4lM0UlM0MlMkZpZnJhbWUlM0U=[\/vc_raw_html][\/vc_column][\/vc_row][vc_row][vc_column css=\u00a0\u00bb.vc_custom_1457636352570{border-top-width: 0px !important;border-right-width: 0px !important;border-bottom-width: 0px !important;border-left-width: 0px !important;padding-top: 0px !important;padding-right: 0px !important;padding-bottom: 0px !important;padding-left: 0px !important;background-color: #ffffff !important;}\u00a0\u00bb][vc_separator][\/vc_column][\/vc_row][vc_row][vc_column width=\u00a0\u00bb1\/2&Prime; css=\u00a0\u00bb.vc_custom_1446417631141{border-top-width: 0px !important;padding-top: 0px !important;}\u00a0\u00bb][vc_text_separator title=\u00a0\u00bbEntretien long\u00a0\u00bb subtitle=\u00a0\u00bb53 mn\u00a0\u00bb style=\u00a0\u00bbsmall\u00a0\u00bb][vc_separator][vc_column_text]Long entretien qui entre dans le d\u00e9tail des motivations et des techniques.[\/vc_column_text][vc_separator][\/vc_column][vc_column width=\u00a0\u00bb1\/2&Prime; css=\u00a0\u00bb.vc_custom_1446417261235{border-width: 0px !important;padding: 0px !important;}\u00a0\u00bb][vc_raw_html]JTNDaWZyYW1lJTIwd2lkdGglM0QlMjI1NjAlMjIlMjBoZWlnaHQlM0QlMjIzMTUlMjIlMjBzcmMlM0QlMjJodHRwcyUzQSUyRiUyRnd3dy55b3V0dWJlLmNvbSUyRmVtYmVkJTJGSmtScTBiVkhIcjQlMjIlMjBmcmFtZWJvcmRlciUzRCUyMjAlMjIlMjBhbGxvd2Z1bGxzY3JlZW4lM0UlM0MlMkZpZnJhbWUlM0U=[\/vc_raw_html][\/vc_column][\/vc_row][vc_row][vc_column css=\u00a0\u00bb.vc_custom_1457636363511{border-top-width: 0px !important;border-right-width: 0px !important;border-bottom-width: 0px !important;border-left-width: 0px !important;padding-top: 0px !important;padding-right: 0px !important;padding-bottom: 0px !important;padding-left: 0px !important;background-color: #ffffff !important;}\u00a0\u00bb][vc_separator][\/vc_column][\/vc_row][vc_row][vc_column][vc_text_separator title=\u00a0\u00bbLa Fabrique de la Peinture\u00a0\u00bb subtitle=\u00a0\u00bbColl\u00e8ge de France, 2014&Prime;][\/vc_column][\/vc_row][vc_row][vc_column width=\u00a0\u00bb1\/2&Prime; css=\u00a0\u00bb.vc_custom_1446417631141{border-top-width: 0px !important;padding-top: 0px !important;}\u00a0\u00bb][vc_column_text]<\/p>\n<p style=\"text-align: justify;\">Communication prononc\u00e9e\u00a0lors du colloque international \u00ab\u00a0La Fabrique de la Peinture\u00a0\u00bb, qui s&rsquo;est tenu les 30 &amp; 31 octobre 2014 au Coll\u00e8ge de France<\/p>\n<p style=\"text-align: justify;\">Avec Jeff Koons,\u00a0Anne Neukamp,\u00a0Marc Molk,\u00a0Damien Cadio,\u00a0Jules de Balincourt,\u00a0Eva Nielsen,\u00a0Hernan Bas,\u00a0Ch\u00e9ri Samba,\u00a0Thomas L\u00e9vy-Lasne,\u00a0Ida Tursic et Wilfried Mille,\u00a0Gregory Forstner,\u00a0Glenn Brown,\u00a0Am\u00e9lie Bertrand.<\/p>\n<p style=\"text-align: justify;\">Titre : \u00ab\u00a0La raison sentimentale\u00a0\u00bb<\/p>\n<p>[\/vc_column_text][vc_separator]<div class=\"krown-text-icon style-one\"><a class=\"icon-wrap\" href=\"http:\/\/www.college-de-france.fr\/site\/claudine-tiercelin\/symposium-2014-10-30-11h10.htm\" target=\"_blank\"><i class=\"fa fa-fw fa-video-camera fa-regular\" style=\"color:#dd3333\"><\/i><h5>Vid\u00e9o sur le site du Coll\u00e8ge de France<\/h5><\/a><\/div>[\/vc_column][vc_column width=\u00a0\u00bb1\/2&Prime; css=\u00a0\u00bb.vc_custom_1446417261235{border-width: 0px !important;padding: 0px !important;}\u00a0\u00bb][vc_raw_html]JTNDaWZyYW1lJTIwd2lkdGglM0QlMjI1NjAlMjIlMjBoZWlnaHQlM0QlMjIzMTUlMjIlMjBzcmMlM0QlMjJodHRwcyUzQSUyRiUyRnd3dy55b3V0dWJlLmNvbSUyRmVtYmVkJTJGQWNHYUsxOVAzX3MlMjIlMjBmcmFtZWJvcmRlciUzRCUyMjAlMjIlMjBhbGxvd2Z1bGxzY3JlZW4lM0UlM0MlMkZpZnJhbWUlM0U=[\/vc_raw_html][\/vc_column][\/vc_row][vc_row][vc_column width=\u00a0\u00bb1\/2&Prime; css=\u00a0\u00bb.vc_custom_1446417631141{border-top-width: 0px !important;padding-top: 0px !important;}\u00a0\u00bb][vc_column_text]<\/p>\n<p style=\"text-align: justify;\">Questions de l&rsquo;auditoire apr\u00e8s l&rsquo;intervention.<\/p>\n<p>[\/vc_column_text][vc_separator][\/vc_column][vc_column width=\u00a0\u00bb1\/2&Prime; css=\u00a0\u00bb.vc_custom_1446417261235{border-width: 0px !important;padding: 0px !important;}\u00a0\u00bb][vc_raw_html]JTNDaWZyYW1lJTIwd2lkdGglM0QlMjI1NjAlMjIlMjBoZWlnaHQlM0QlMjIzMTUlMjIlMjBzcmMlM0QlMjJodHRwcyUzQSUyRiUyRnd3dy55b3V0dWJlLmNvbSUyRmVtYmVkJTJGMC1qekdPVk1XUWMlMjIlMjBmcmFtZWJvcmRlciUzRCUyMjAlMjIlMjBhbGxvd2Z1bGxzY3JlZW4lM0UlM0MlMkZpZnJhbWUlM0U=[\/vc_raw_html][\/vc_column][\/vc_row][vc_row][vc_column css=\u00a0\u00bb.vc_custom_1457636373175{border-top-width: 0px !important;border-right-width: 0px !important;border-bottom-width: 0px !important;border-left-width: 0px !important;padding-top: 0px !important;padding-right: 0px !important;padding-bottom: 0px !important;padding-left: 0px !important;background-color: #ffffff !important;}\u00a0\u00bb][vc_separator][\/vc_column][\/vc_row][vc_row][vc_column][vc_text_separator title=\u00a0\u00bbDigressions\u00a0\u00bb subtitle=\u00a0\u00bbDame Pipi, 2015&Prime;][\/vc_column][\/vc_row][vc_row][vc_column width=\u00a0\u00bb1\/2&Prime; css=\u00a0\u00bb.vc_custom_1446417631141{border-top-width: 0px !important;padding-top: 0px !important;}\u00a0\u00bb][vc_column_text]<\/p>\n<p style=\"text-align: justify;\">Interview \u00e0 b\u00e2tons rompus :<\/p>\n<p>[\/vc_column_text][vc_separator]<div class=\"krown-text-icon style-one\"><a class=\"icon-wrap\" href=\"http:\/\/www.damepipi.tv\/2015\/04\/marc-molk-digressions-2015-part1.html\" target=\"_blank\"><i class=\"fa fa-fw fa-video-camera fa-regular\" style=\"color:#dd3333\"><\/i><h5>1\u00e8re Partie \/ Vid\u00e9o sur le site de Dame Pipi<\/h5><\/a><\/div>[vc_separator]<div class=\"krown-text-icon style-one\"><a class=\"icon-wrap\" href=\"http:\/\/www.marcmolk.fr\/neo\/fr\/2015\/08\/06\/dame-pipi-digressions-2eme-partie\/\" target=\"_blank\"><i class=\"fa fa-fw fa-video-camera fa-regular\" style=\"color:#dd3333\"><\/i><h5>2\u00e8me Partie \/ Vid\u00e9o sur le site de Dame Pipi<\/h5><\/a><\/div>[\/vc_column][vc_column width=\u00a0\u00bb1\/2&Prime; css=\u00a0\u00bb.vc_custom_1446417261235{border-width: 0px !important;padding: 0px !important;}\u00a0\u00bb][vc_single_image image=\u00a0\u00bb10554&Prime; img_link_target=\u00a0\u00bb_blank\u00a0\u00bb img_size=\u00a0\u00bb560&#215;315&Prime; img_link_custom=\u00a0\u00bbhttp:\/\/www.damepipi.tv\/2015\/04\/marc-molk-digressions-2015-part1.html\u00a0\u00bb][\/vc_column][\/vc_row][vc_row][vc_column css=\u00a0\u00bb.vc_custom_1457636382022{border-top-width: 0px !important;border-right-width: 0px !important;border-bottom-width: 0px !important;border-left-width: 0px !important;padding-top: 0px !important;padding-right: 0px !important;padding-bottom: 0px !important;padding-left: 0px !important;background-color: #ffffff !important;}\u00a0\u00bb][vc_separator][\/vc_column][\/vc_row][vc_row][vc_column][vc_text_separator title=\u00a0\u00bbLa peinture qui scintille\u00a0\u00bb subtitle=\u00a0\u00bbApolline Allaguillaume, 2015&Prime;][\/vc_column][\/vc_row][vc_row][vc_column width=\u00a0\u00bb1\/2&Prime; css=\u00a0\u00bb.vc_custom_1446417631141{border-top-width: 0px !important;padding-top: 0px !important;}\u00a0\u00bb][vc_column_text]Visite d&rsquo;atelier r\u00e9alis\u00e9e dans le noir :[\/vc_column_text][vc_separator]<div class=\"krown-text-icon style-one\"><a class=\"icon-wrap\" href=\"https:\/\/vimeo.com\/127337749\" target=\"_blank\"><i class=\"fa fa-fw fa-video-camera fa-regular\" style=\"color:#dd3333\"><\/i><h5>Vid\u00e9o sur le site d'ApArty<\/h5><\/a><\/div>[\/vc_column][vc_column width=\u00a0\u00bb1\/2&Prime; css=\u00a0\u00bb.vc_custom_1446417261235{border-width: 0px !important;padding: 0px !important;}\u00a0\u00bb][vc_single_image image=\u00a0\u00bb10036&Prime; img_link_target=\u00a0\u00bb_blank\u00a0\u00bb img_link_custom=\u00a0\u00bbhttps:\/\/vimeo.com\/127337749&Prime; img_size=\u00a0\u00bb560&#215;315&Prime;][\/vc_column][\/vc_row][vc_row][vc_column css=\u00a0\u00bb.vc_custom_1457636445371{border-top-width: 0px !important;border-right-width: 0px !important;border-bottom-width: 0px !important;border-left-width: 0px !important;padding-top: 0px !important;padding-right: 0px !important;padding-bottom: 0px !important;padding-left: 0px !important;background-color: #ffffff !important;}\u00a0\u00bb][vc_separator][\/vc_column][\/vc_row][vc_row][vc_column][vc_text_separator title=\u00a0\u00bbLe proc\u00e8s Barbie (entretiens)\u00a0\u00bb subtitle=\u00a0\u00bbJ\u00e9r\u00f4me Prieur, Arte, 2011&Prime;][\/vc_column][\/vc_row][vc_row][vc_column width=\u00a0\u00bb1\/2&Prime; css=\u00a0\u00bb.vc_custom_1446417631141{border-top-width: 0px !important;padding-top: 0px !important;}\u00a0\u00bb][vc_column_text]<\/p>\n<p style=\"text-align: justify;\">Cet entretien fait partie des douze entretiens r\u00e9alis\u00e9s par J\u00e9r\u00f4me Prieur \u00e0 propos du proc\u00e8s Barbie. Ces entretiens sont le bonus d&rsquo;un coffret DVD paru aux \u00e9ditions Arte qui, gr\u00e2ce au travail de Dominique Missika, permet de restituer en quelque 20 heures, les audiences du proc\u00e8s de Klaus Barbie.<\/p>\n<p style=\"text-align: justify;\">J&rsquo;y aborde la difficult\u00e9 qu&rsquo;il y a \u00e0 \u00ab\u00a0peindre la Shoah\u00a0\u00bb.<\/p>\n<p>[\/vc_column_text][vc_separator]<div class=\"krown-text-icon style-one\"><a class=\"icon-wrap\" href=\"http:\/\/boutique.arte.tv\/f8918-le_proces_barbie\" target=\"_blank\"><i class=\"fa fa-fw fa-arrow-right fa-regular\" style=\"color:#dd3333\"><\/i><h5>Vid\u00e9o sur le site d'Arte<\/h5><\/a><\/div>[\/vc_column][vc_column width=\u00a0\u00bb1\/2&Prime; css=\u00a0\u00bb.vc_custom_1446417261235{border-width: 0px !important;padding: 0px !important;}\u00a0\u00bb][vc_raw_html]JTNDaWZyYW1lJTIwc3JjJTNEJTIyaHR0cHMlM0ElMkYlMkZwbGF5ZXIudmltZW8uY29tJTJGdmlkZW8lMkY0MTk4ODM5OSUzRnRpdGxlJTNEMCUyNmJ5bGluZSUzRDAlMjZwb3J0cmFpdCUzRDAlMjIlMjB3aWR0aCUzRCUyMjUwMCUyMiUyMGhlaWdodCUzRCUyMjI4MyUyMiUyMGZyYW1lYm9yZGVyJTNEJTIyMCUyMiUyMHdlYmtpdGFsbG93ZnVsbHNjcmVlbiUyMG1vemFsbG93ZnVsbHNjcmVlbiUyMGFsbG93ZnVsbHNjcmVlbiUzRSUzQyUyRmlmcmFtZSUzRQ==[\/vc_raw_html][\/vc_column][\/vc_row]<\/p>\n","protected":false},"excerpt":{"rendered":"<p>[vc_row][vc_column][vc_text_separator title=\u00a0\u00bbConvalescence de la peinture fran\u00e7aise\u00a0\u00bb subtitle=\u00a0\u00bbM\u00e9diath\u00e8que L&rsquo;Echo, Kremlin-Bic\u00eatre, 2021&Prime;][\/vc_column][\/vc_row][vc_row][vc_column width=\u00a0\u00bb1\/2&Prime; css=\u00a0\u00bb.vc_custom_1446417631141{border-top-width: 0px !important;padding-top: 0px !important;}\u00a0\u00bb][vc_text_separator title=\u00a0\u00bbEntretien avec Carole Fives\u00a0\u00bb subtitle=\u00a0\u00bb60M\u00a0\u00bb style=\u00a0\u00bbsmall\u00a0\u00bb][vc_separator][vc_column_text]O\u00f9 il est question de la mort de la Mort de la Peinture. Entretien r\u00e9alis\u00e9 \u00e0 l&rsquo;invitation de Caroles Fives, auteur de \u00ab\u00a0T\u00e9r\u00e9benthine\u00a0\u00bb (\u00e9ditions Gallimard), \u00e0 l&rsquo;occasion de sa r\u00e9sidence \u00e0 la M\u00e9diath\u00e8que.[\/vc_column_text][vc_separator][\/vc_column][vc_column width=\u00a0\u00bb1\/2&Prime; [&hellip;]<\/p>\n","protected":false},"author":1,"featured_media":0,"parent":0,"menu_order":0,"comment_status":"closed","ping_status":"open","template":"","meta":[],"_links":{"self":[{"href":"https:\/\/www.marcmolk.fr\/fr\/wp-json\/wp\/v2\/pages\/2052"}],"collection":[{"href":"https:\/\/www.marcmolk.fr\/fr\/wp-json\/wp\/v2\/pages"}],"about":[{"href":"https:\/\/www.marcmolk.fr\/fr\/wp-json\/wp\/v2\/types\/page"}],"author":[{"embeddable":true,"href":"https:\/\/www.marcmolk.fr\/fr\/wp-json\/wp\/v2\/users\/1"}],"replies":[{"embeddable":true,"href":"https:\/\/www.marcmolk.fr\/fr\/wp-json\/wp\/v2\/comments?post=2052"}],"version-history":[{"count":88,"href":"https:\/\/www.marcmolk.fr\/fr\/wp-json\/wp\/v2\/pages\/2052\/revisions"}],"predecessor-version":[{"id":13285,"href":"https:\/\/www.marcmolk.fr\/fr\/wp-json\/wp\/v2\/pages\/2052\/revisions\/13285"}],"wp:attachment":[{"href":"https:\/\/www.marcmolk.fr\/fr\/wp-json\/wp\/v2\/media?parent=2052"}],"curies":[{"name":"wp","href":"https:\/\/api.w.org\/{rel}","templated":true}]}}