{"id":2033,"date":"2015-08-03T23:49:42","date_gmt":"2015-08-03T21:49:42","guid":{"rendered":"http:\/\/www.marcmolk.fr\/neo\/?page_id=2033&#038;lang=fr"},"modified":"2021-08-02T20:25:24","modified_gmt":"2021-08-02T18:25:24","slug":"vues-dexpositions","status":"publish","type":"page","link":"https:\/\/www.marcmolk.fr\/fr\/peinture\/vues-dexpositions\/","title":{"rendered":"Vues d&rsquo;expositions"},"content":{"rendered":"<p>[vc_row][vc_column width=\u00a0\u00bb1\/2&Prime; css=\u00a0\u00bb.vc_custom_1445420544094{border-width: 0px !important;padding: 0px !important;}\u00a0\u00bb][vc_single_image image=\u00a0\u00bb13311&Prime; border_color=\u00a0\u00bbgrey\u00a0\u00bb img_link_custom=\u00a0\u00bbmarcmolk.fr\/fr\/peinture\/vues-dexpositions\/faire-taire-le-silence\/\u00a0\u00bb][\/vc_column][vc_column width=\u00a0\u00bb1\/2&Prime;][vc_text_separator title=\u00a0\u00bbFaire taire le silence\u00a0\u00bb subtitle=\u00a0\u00bbL&rsquo;Echo M\u00e9diath\u00e8que, Kremlin-Bic\u00eatre \/ France, 2020&Prime; style=\u00a0\u00bbsmall\u00a0\u00bb align=\u00a0\u00bbright\u00a0\u00bb][vc_column_text]<\/p>\n<h6 style=\"text-align: right;\"><span style=\"color: #808000;\">Exposition personnelle<\/span><\/h6>\n<p>[\/vc_column_text][vc_separator]<div class=\"krown-text-icon style-one\"><a class=\"icon-wrap\" href=\"marcmolk.fr\/fr\/peinture\/vues-dexpositions\/faire-taire-le-silence\/\" target=\"_blank\"><i class=\"fa fa-fw fa-eye fa-regular\" style=\"color:#dd3333\"><\/i><h5>Views<\/h5><\/a><\/div>[\/vc_column][\/vc_row][vc_row][vc_column width=\u00a0\u00bb1\/2&Prime;][vc_text_separator title=\u00a0\u00bbILS ONT DIT OUI\u00a0\u00bb subtitle=\u00a0\u00bbUn projet Amalteo Institute, Galerie Marguerite Milin \/ FRANCE, 2021&Prime; style=\u00a0\u00bbsmall\u00a0\u00bb][vc_column_text]<\/p>\n<h6><span style=\"color: #808000;\">Exposition collective<\/span><\/h6>\n<h6><span style=\"color: #808000;\">curateur Marc Molk<\/span><\/h6>\n<h6><span style=\"color: #808000;\">Sookoon Ang, Rapha\u00ebl Barontini, Mireille Blanc, Corine Borgnet, Antoine Carbonne, Marcos Carrasquer, Mathieu Cherkit, S\u00e9bastien Gouju, Thibault Hazelzet, Nathana\u00eblle Herbelin, Philippe Mayaux, Maude Maris, Fran\u00e7ois Mendras, Eric M\u00e9zan, Marc Molk, Marl\u00e8ne Mocquet, Nicolas Nicolini, Eva Nielsen, Vincent Olinet, Raphael-Bachir Osman, Fran\u00e7oise P\u00e9trovitch, Guillaume Pinard, Flavia Pitis, Florence Reymond, Karine Rougier, No\u00e9mie Sonck, Lise Stoufflet, \u00c9douard Wolton, Kimiko Yoshida.<\/span><\/h6>\n<p>[\/vc_column_text][vc_separator]<div class=\"krown-text-icon style-one\"><a class=\"icon-wrap\" href=\"https:\/\/www.marcmolk.fr\/fr\/peinture\/vues-dexpositions\/ils-ont-dit-oui\/\" target=\"_blank\"><i class=\"fa fa-fw fa-eye fa-regular\" style=\"color:#dd3333\"><\/i><h5>Views<\/h5><\/a><\/div>[\/vc_column][vc_column width=\u00a0\u00bb1\/2&Prime; css=\u00a0\u00bb.vc_custom_1445426427862{border-width: 0px !important;padding: 0px !important;}\u00a0\u00bb][vc_single_image image=\u00a0\u00bb12983&Prime; border_color=\u00a0\u00bbgrey\u00a0\u00bb img_link_custom=\u00a0\u00bbhttps:\/\/www.marcmolk.fr\/fr\/peinture\/vues-dexpositions\/ils-ont-dit-oui\/\u00a0\u00bb][\/vc_column][\/vc_row][vc_row][vc_column width=\u00a0\u00bb1\/2&Prime; css=\u00a0\u00bb.vc_custom_1445420544094{border-width: 0px !important;padding: 0px !important;}\u00a0\u00bb][vc_single_image image=\u00a0\u00bb12893&Prime; border_color=\u00a0\u00bbgrey\u00a0\u00bb img_link_custom=\u00a0\u00bbhttps:\/\/www.marcmolk.fr\/fr\/peinture\/vues-dexpositions\/coeurs-du-romantisme-dans-lart-contemporain-musee-de-la-vie-romantique-paris\/\u00a0\u00bb][\/vc_column][vc_column width=\u00a0\u00bb1\/2&Prime;][vc_text_separator title=\u00a0\u00bbCOEURS, DU romantisme dans l&rsquo;art contemporain\u00a0\u00bb subtitle=\u00a0\u00bbMus\u00e9e de la Vie Romantique, Paris \/ France, 2020&Prime; style=\u00a0\u00bbsmall\u00a0\u00bb align=\u00a0\u00bbright\u00a0\u00bb][vc_column_text]<\/p>\n<h6 style=\"text-align: right;\"><span style=\"color: #808000;\">Exposition collective<\/span><\/h6>\n<h6 style=\"text-align: right;\"><span style=\"color: #808000;\"><em>Martine Aball\u00e9a, Pilar Albarrac\u00edn, John M. Armleder, Gilles Barbier,\u00a0Ronda Bautista, Sophie Calle, Hsia-Fei Chang, Delphine Coindet, Jim Dine,\u00a0Jacques Halbert, Oda Jaune, Ouka Leele, Philippe Mayaux, Annette Messager,\u00a0Marc Molk, Mrzyk &amp; Moriceau, Claude Nori, Vincent Olinet, Jorge Orta, Jean-Michel Othoniel, Fran\u00e7oise P\u00e9trovitch, Pierre et Gilles, Sarah Pucci, Agatha Ruiz de la Prada, Niki de Saint Phalle, Ida Tursic et Wilfried Mille, Luise Unger, Winshluss.<\/em><\/span><\/h6>\n<p>[\/vc_column_text][vc_separator]<div class=\"krown-text-icon style-one\"><a class=\"icon-wrap\" href=\"https:\/\/www.marcmolk.fr\/fr\/peinture\/vues-dexpositions\/coeurs-du-romantisme-dans-lart-contemporain-musee-de-la-vie-romantique-paris\/\" target=\"_blank\"><i class=\"fa fa-fw fa-eye fa-regular\" style=\"color:#dd3333\"><\/i><h5>Views<\/h5><\/a><\/div>[\/vc_column][\/vc_row][vc_row][vc_column width=\u00a0\u00bb1\/2&Prime;][vc_text_separator title=\u00a0\u00bbAU FIL DES TOILES\u00a0\u00bb subtitle=\u00a0\u00bbMus\u00e9e des Beaux-Arts de Limoges \/ France, 2019&Prime; style=\u00a0\u00bbsmall\u00a0\u00bb][vc_column_text]<\/p>\n<h6><span style=\"color: #808000;\">Exposition collective<\/span><\/h6>\n<h6><span style=\"color: #808000;\">Ronda Bautista, Charlotte Beaudry, Pierre-Charles Jacquemin, Lucile Kessil, Romain Larbre, Fran\u00e7ois Mendras, Federico Miro\u0301, Ida Tursic &amp; Wilfried Mille, Marc Molk.<\/span><\/h6>\n<p>[\/vc_column_text][vc_separator]<div class=\"krown-text-icon style-one\"><a class=\"icon-wrap\" href=\"https:\/\/www.marcmolk.fr\/fr\/peinture\/vues-dexpositions\/au-fil-des-toiles-musee-des-beaux-arts-de-limoges-france\/\" target=\"_blank\"><i class=\"fa fa-fw fa-eye fa-regular\" style=\"color:#dd3333\"><\/i><h5>Views<\/h5><\/a><\/div>[\/vc_column][vc_column width=\u00a0\u00bb1\/2&Prime; css=\u00a0\u00bb.vc_custom_1445426427862{border-width: 0px !important;padding: 0px !important;}\u00a0\u00bb][vc_single_image image=\u00a0\u00bb13087&Prime; border_color=\u00a0\u00bbgrey\u00a0\u00bb img_link_custom=\u00a0\u00bbhttps:\/\/www.marcmolk.fr\/fr\/peinture\/vues-dexpositions\/au-fil-des-toiles-musee-des-beaux-arts-de-limoges-france\/\u00a0\u00bb][\/vc_column][\/vc_row][vc_row][vc_column width=\u00a0\u00bb1\/2&Prime; css=\u00a0\u00bb.vc_custom_1445420544094{border-width: 0px !important;padding: 0px !important;}\u00a0\u00bb][vc_single_image image=\u00a0\u00bb12017&Prime; border_color=\u00a0\u00bbgrey\u00a0\u00bb img_link_custom=\u00a0\u00bbhttps:\/\/www.marcmolk.fr\/fr\/peinture\/vues-dexpositions\/je-ressens-la-pluie-dune-autre-planete-marion-bataillard-marc-molk-03-25-fevrier-2017-galerie-alb-paris\/\u00a0\u00bb][\/vc_column][vc_column width=\u00a0\u00bb1\/2&Prime;][vc_text_separator title=\u00a0\u00bbJe ressens la pluie d&rsquo;une autre plan\u00e8te\u00a0\u00bb subtitle=\u00a0\u00bbGalerie ALB, 2017&Prime; style=\u00a0\u00bbsmall\u00a0\u00bb align=\u00a0\u00bbright\u00a0\u00bb][vc_column_text]<\/p>\n<h6 style=\"text-align: right;\"><span style=\"color: #808000;\">Exposition en duo<\/span><\/h6>\n<h6 style=\"text-align: right;\"><span style=\"color: #808000;\">MARION BATAILLARD, MARC MOLK<\/span><\/h6>\n<p>[\/vc_column_text][vc_separator]<div class=\"krown-text-icon style-one\"><a class=\"icon-wrap\" href=\"https:\/\/www.marcmolk.fr\/fr\/peinture\/vues-dexpositions\/je-ressens-la-pluie-dune-autre-planete-marion-bataillard-marc-molk-03-25-fevrier-2017-galerie-alb-paris\/\" target=\"_blank\"><i class=\"fa fa-fw fa-eye fa-regular\" style=\"color:#dd3333\"><\/i><h5>Vues<\/h5><\/a><\/div>[\/vc_column][\/vc_row][vc_row][vc_column width=\u00a0\u00bb1\/2&Prime;][vc_text_separator title=\u00a0\u00bbL&rsquo;instance de la lettre\u00a0\u00bb subtitle=\u00a0\u00bbGalerie Marguerite Milin, 2016&Prime; style=\u00a0\u00bbsmall\u00a0\u00bb][vc_column_text]<\/p>\n<h6><span style=\"color: #808000;\">Exposition collective<\/span><\/h6>\n<h6><span style=\"color: #808000;\">MARC MOLK, CH\u00c9RI SAMBA, KIMIKO YOSHIDA<\/span><\/h6>\n<p>[\/vc_column_text][vc_separator]<div class=\"krown-text-icon style-one\"><a class=\"icon-wrap\" href=\"https:\/\/www.marcmolk.fr\/fr\/peinture\/vues-dexpositions\/linstance-de-la-lettre-marc-molk-cheri-samba-kimiko-yoshida-18-octobre-3-decembre-2016-galerie-marguerite-milin-paris\/\" target=\"_blank\"><i class=\"fa fa-fw fa-eye fa-regular\" style=\"color:#dd3333\"><\/i><h5>Vues<\/h5><\/a><\/div>[\/vc_column][vc_column width=\u00a0\u00bb1\/2&Prime; css=\u00a0\u00bb.vc_custom_1445426427862{border-width: 0px !important;padding: 0px !important;}\u00a0\u00bb][vc_single_image image=\u00a0\u00bb11955&Prime; border_color=\u00a0\u00bbgrey\u00a0\u00bb img_link_custom=\u00a0\u00bbhttps:\/\/www.marcmolk.fr\/fr\/peinture\/vues-dexpositions\/linstance-de-la-lettre-marc-molk-cheri-samba-kimiko-yoshida-18-octobre-3-decembre-2016-galerie-marguerite-milin-paris\/\u00a0\u00bb][\/vc_column][\/vc_row][vc_row][vc_column width=\u00a0\u00bb1\/2&Prime; css=\u00a0\u00bb.vc_custom_1445420544094{border-width: 0px !important;padding: 0px !important;}\u00a0\u00bb][vc_single_image image=\u00a0\u00bb9523&Prime; border_color=\u00a0\u00bbgrey\u00a0\u00bb img_link_custom=\u00a0\u00bbhttps:\/\/www.marcmolk.fr\/fr\/peinture\/vues-dinstallation\/le-ciel-bleu-sur-nous-peut-seffondrer-27-septembre-3-novembre-2012-da-end-gallery-paris\/?lang=fr\u00a0\u00bb][\/vc_column][vc_column width=\u00a0\u00bb1\/2&Prime;][vc_text_separator title=\u00a0\u00bbLe ciel bleu sur nous peut s&rsquo;effondrer\u00a0\u00bb subtitle=\u00a0\u00bbGalerie Da-en, Paris \/ France, 2012&Prime; style=\u00a0\u00bbsmall\u00a0\u00bb align=\u00a0\u00bbright\u00a0\u00bb][vc_column_text][\/vc_column_text][vc_separator]<div class=\"krown-text-icon style-one\"><a class=\"icon-wrap\" href=\"https:\/\/www.marcmolk.fr\/fr\/peinture\/vues-dinstallation\/le-ciel-bleu-sur-nous-peut-seffondrer-27-septembre-3-novembre-2012-da-end-gallery-paris\/?lang=fr\" target=\"_blank\"><i class=\"fa fa-fw fa-eye fa-regular\" style=\"color:#dd3333\"><\/i><h5>Vues<\/h5><\/a><\/div>[\/vc_column][\/vc_row][vc_row][vc_column width=\u00a0\u00bb1\/2&Prime;][vc_text_separator title=\u00a0\u00bbUn mur de sentiments\u00a0\u00bb subtitle=\u00a0\u00bb57\u00e8me Salon de Montrouge \/ France, 2012 \u00a0\u00bb style=\u00a0\u00bbsmall\u00a0\u00bb][vc_column_text][\/vc_column_text][vc_separator]<div class=\"krown-text-icon style-one\"><a class=\"icon-wrap\" href=\"https:\/\/www.marcmolk.fr\/fr\/peinture\/vues-dinstallation\/un-mur-de-sentiments-2-mai-30-mai-2012-57eme-salon-de-montrouge-paris\/?lang=fr\" target=\"_blank\"><i class=\"fa fa-fw fa-eye fa-regular\" style=\"color:#dd3333\"><\/i><h5>Vues<\/h5><\/a><\/div>[\/vc_column][vc_column width=\u00a0\u00bb1\/2&Prime; css=\u00a0\u00bb.vc_custom_1445426427862{border-width: 0px !important;padding: 0px !important;}\u00a0\u00bb][vc_single_image image=\u00a0\u00bb9567&Prime; border_color=\u00a0\u00bbgrey\u00a0\u00bb img_link_custom=\u00a0\u00bbhttps:\/\/www.marcmolk.fr\/fr\/peinture\/vues-dinstallation\/un-mur-de-sentiments-2-mai-30-mai-2012-57eme-salon-de-montrouge-paris\/?lang=fr\u00a0\u00bb][\/vc_column][\/vc_row][vc_row][vc_column width=\u00a0\u00bb1\/2&Prime; css=\u00a0\u00bb.vc_custom_1445420544094{border-width: 0px !important;padding: 0px !important;}\u00a0\u00bb][vc_single_image image=\u00a0\u00bb9654&Prime; border_color=\u00a0\u00bbgrey\u00a0\u00bb img_link_custom=\u00a0\u00bbhttps:\/\/www.marcmolk.fr\/fr\/peinture\/vues-dinstallation\/beaute-endormie-7-janvier-27-fevrier-2011-galeria-dos-prazeres-madere\/?lang=fr\u00a0\u00bb][\/vc_column][vc_column width=\u00a0\u00bb1\/2&Prime;][vc_text_separator title=\u00a0\u00bbBeaut\u00e9 endormie\u00a0\u00bb subtitle=\u00a0\u00bbGaleria dos prazeres \/ Mad\u00e8re, 2011&Prime; style=\u00a0\u00bbsmall\u00a0\u00bb align=\u00a0\u00bbright\u00a0\u00bb][vc_column_text][\/vc_column_text][vc_separator]<div class=\"krown-text-icon style-one\"><a class=\"icon-wrap\" href=\"https:\/\/www.marcmolk.fr\/fr\/peinture\/vues-dinstallation\/beaute-endormie-7-janvier-27-fevrier-2011-galeria-dos-prazeres-madere\/?lang=fr\" target=\"_blank\"><i class=\"fa fa-fw fa-eye fa-regular\" style=\"color:#dd3333\"><\/i><h5>Vues<\/h5><\/a><\/div>[\/vc_column][\/vc_row][vc_row][vc_column width=\u00a0\u00bb1\/2&Prime;][vc_text_separator title=\u00a0\u00bbLe Monopole du coeur\u00a0\u00bb subtitle=\u00a0\u00bbKY loft, Paris \/ France, 2009&Prime; style=\u00a0\u00bbsmall\u00a0\u00bb][vc_column_text][\/vc_column_text][vc_separator]<div class=\"krown-text-icon style-one\"><a class=\"icon-wrap\" href=\"https:\/\/www.marcmolk.fr\/fr\/peinture\/vues-dinstallation\/le-monopole-du-coeur-21-27-septembre-2009-ky-loft\/?lang=fr\" target=\"_blank\"><i class=\"fa fa-fw fa-eye fa-regular\" style=\"color:#dd3333\"><\/i><h5>Vues<\/h5><\/a><\/div>[\/vc_column][vc_column width=\u00a0\u00bb1\/2&Prime; css=\u00a0\u00bb.vc_custom_1445426439802{border-width: 0px !important;padding: 0px !important;}\u00a0\u00bb][vc_single_image image=\u00a0\u00bb9681&Prime; border_color=\u00a0\u00bbgrey\u00a0\u00bb img_link_custom=\u00a0\u00bbhttps:\/\/www.marcmolk.fr\/fr\/peinture\/vues-dinstallation\/le-monopole-du-coeur-21-27-septembre-2009-ky-loft\/?lang=fr\u00a0\u00bb][\/vc_column][\/vc_row]<\/p>\n","protected":false},"excerpt":{"rendered":"<p>[vc_row][vc_column width=\u00a0\u00bb1\/2&Prime; css=\u00a0\u00bb.vc_custom_1445420544094{border-width: 0px !important;padding: 0px !important;}\u00a0\u00bb][vc_single_image image=\u00a0\u00bb13311&Prime; border_color=\u00a0\u00bbgrey\u00a0\u00bb img_link_custom=\u00a0\u00bbmarcmolk.fr\/fr\/peinture\/vues-dexpositions\/faire-taire-le-silence\/\u00a0\u00bb][\/vc_column][vc_column width=\u00a0\u00bb1\/2&Prime;][vc_text_separator title=\u00a0\u00bbFaire taire le silence\u00a0\u00bb subtitle=\u00a0\u00bbL&rsquo;Echo M\u00e9diath\u00e8que, Kremlin-Bic\u00eatre \/ France, 2020&Prime; style=\u00a0\u00bbsmall\u00a0\u00bb align=\u00a0\u00bbright\u00a0\u00bb][vc_column_text] Exposition personnelle [\/vc_column_text][vc_separator][\/vc_column][\/vc_row][vc_row][vc_column width=\u00a0\u00bb1\/2&Prime;][vc_text_separator title=\u00a0\u00bbILS ONT DIT OUI\u00a0\u00bb subtitle=\u00a0\u00bbUn projet Amalteo Institute, Galerie Marguerite Milin \/ FRANCE, 2021&Prime; style=\u00a0\u00bbsmall\u00a0\u00bb][vc_column_text] Exposition collective curateur Marc Molk Sookoon Ang, Rapha\u00ebl Barontini, Mireille Blanc, Corine Borgnet, [&hellip;]<\/p>\n","protected":false},"author":1,"featured_media":0,"parent":2029,"menu_order":0,"comment_status":"closed","ping_status":"open","template":"","meta":[],"_links":{"self":[{"href":"https:\/\/www.marcmolk.fr\/fr\/wp-json\/wp\/v2\/pages\/2033"}],"collection":[{"href":"https:\/\/www.marcmolk.fr\/fr\/wp-json\/wp\/v2\/pages"}],"about":[{"href":"https:\/\/www.marcmolk.fr\/fr\/wp-json\/wp\/v2\/types\/page"}],"author":[{"embeddable":true,"href":"https:\/\/www.marcmolk.fr\/fr\/wp-json\/wp\/v2\/users\/1"}],"replies":[{"embeddable":true,"href":"https:\/\/www.marcmolk.fr\/fr\/wp-json\/wp\/v2\/comments?post=2033"}],"version-history":[{"count":38,"href":"https:\/\/www.marcmolk.fr\/fr\/wp-json\/wp\/v2\/pages\/2033\/revisions"}],"predecessor-version":[{"id":9725,"href":"https:\/\/www.marcmolk.fr\/fr\/wp-json\/wp\/v2\/pages\/2033\/revisions\/9725"}],"up":[{"embeddable":true,"href":"https:\/\/www.marcmolk.fr\/fr\/wp-json\/wp\/v2\/pages\/2029"}],"wp:attachment":[{"href":"https:\/\/www.marcmolk.fr\/fr\/wp-json\/wp\/v2\/media?parent=2033"}],"curies":[{"name":"wp","href":"https:\/\/api.w.org\/{rel}","templated":true}]}}