{"id":2021,"date":"2015-08-17T20:06:16","date_gmt":"2015-08-17T18:06:16","guid":{"rendered":"http:\/\/www.marcmolk.fr\/neo\/?page_id=2021&#038;lang=fr"},"modified":"2016-03-10T19:49:17","modified_gmt":"2016-03-10T18:49:17","slug":"textes","status":"publish","type":"page","link":"https:\/\/www.marcmolk.fr\/fr\/peinture\/textes\/","title":{"rendered":"Textes"},"content":{"rendered":"<p>[vc_row][vc_column width=\u00a0\u00bb1\/3&Prime; css=\u00a0\u00bb.vc_custom_1439777232822{border-width: 0px !important;padding: 0px !important;}\u00a0\u00bb][vc_single_image image=\u00a0\u00bb1714&Prime; img_link_custom=\u00a0\u00bbhttps:\/\/www.marcmolk.fr\/fr\/peinture\/textes\/pierre-malachin-les-larmes-deros-mai-2012\/\u00a0\u00bb][\/vc_column][vc_column width=\u00a0\u00bb2\/3&Prime; css=\u00a0\u00bb.vc_custom_1455382786823{border-top-width: 0px !important;border-right-width: 0px !important;padding-top: 0px !important;padding-right: 0px !important;}\u00a0\u00bb][vc_text_separator title=\u00a0\u00bbPierre Malachin\u00a0\u00bb subtitle=\u00a0\u00bb\u00ab Les larmes d&rsquo;Eros \u00bb, mai 2012&Prime; style=\u00a0\u00bbsmall\u00a0\u00bb align=\u00a0\u00bbright\u00a0\u00bb][vc_column_text]<\/p>\n<p style=\"text-align: justify;\">D\u2019\u00e9vidence les peintures de Marc Molk nous placent dans un sentiment inconfortable et presque anachronique de romantisme qui tient d\u2019un \u00e9tat de bouleversement. Certes, cet artiste autodidacte peint des sujets immuables et universels : la mort, la guerre, l\u2019amour possible et impossible ou encore l\u2019amiti\u00e9, autant de th\u00e8mes qui continuent de se d\u00e9ployer au-del\u00e0 de l\u2019acad\u00e9misme dans l\u2019histoire de l\u2019art.<\/p>\n<p style=\"text-align: justify;\">Pourtant, ces sujets ne sont que pr\u00e9textes pour Marc Molk \u00e0 d\u00e9ployer un univers pictural tr\u00e8s singulier o\u00f9 s\u2019entrem\u00ealent p\u00eale-m\u00eale couleurs pastel et vives, techniques traditionnelles et inventions techniques virtuoses, compositions \u00e9pur\u00e9es ou baroques.<\/p>\n<p>[\/vc_column_text]<div class=\"krown-text-icon style-one\"><a class=\"icon-wrap\" href=\"https:\/\/www.marcmolk.fr\/fr\/peinture\/textes\/pierre-malachin-les-larmes-deros-mai-2012\/\" target=\"_blank\"><i class=\"fa fa-fw fa-angle-double-right fa-regular\" style=\"color:#dd3333\"><\/i><h5>Lire la suite<\/h5><\/a><\/div>[\/vc_column][\/vc_row][vc_row][vc_column css=\u00a0\u00bb.vc_custom_1457635350728{border-top-width: 0px !important;border-right-width: 0px !important;border-bottom-width: 0px !important;border-left-width: 0px !important;padding-top: 0px !important;padding-right: 0px !important;padding-bottom: 0px !important;padding-left: 0px !important;background-color: #ffffff !important;}\u00a0\u00bb][vc_separator][\/vc_column][\/vc_row][vc_row][vc_column width=\u00a0\u00bb2\/3&Prime; css=\u00a0\u00bb.vc_custom_1455382345683{border-top-width: 0px !important;border-left-width: 0px !important;padding-top: 0px !important;padding-left: 0px !important;}\u00a0\u00bb][vc_text_separator title=\u00a0\u00bbJean-Yves Jouannais\u00a0\u00bb subtitle=\u00a0\u00bb\u00ab Tout se m\u00e9lange dans mon esprit \u00bb, mars 2011&Prime; style=\u00a0\u00bbsmall\u00a0\u00bb][vc_column_text]<\/p>\n<p style=\"text-align: justify;\">Jean-Yves Jouannais : Je suis tr\u00e8s intrigu\u00e9 par l\u2019insistance avec laquelle tu d\u00e9signes nombre de tes toiles par un titre exot\u00e9rique, destin\u00e9 \u00e0 un large public, et par un intitul\u00e9 \u00e9sot\u00e9rique, confidentiel. M\u00eame si tu sembles le faire sur un ton badin, je voulais savoir si tes images se donnent \u00e0 d\u00e9crypter suivant cette double logique. Pour reprendre une image classique de l\u2019\u00e9sot\u00e9risme, existe-t-il dans tes images, \u00e0 la fois une \u00e9corce et un noyau, un corps et une moelle ?<\/p>\n<p style=\"text-align: justify;\">D\u2019avoir pu lire ton livre <em>Pertes humaines<\/em>, qui est en partie autofictionnel, m\u2019invite \u00e0 \u00e9voquer une hypoth\u00e8se. C\u2019est comme si le noyau ou la moelle de tes tableaux \u00e9tait essentiellement constitu\u00e9 d\u2019une mati\u00e8re enracin\u00e9e dans les \u00e9mois de l\u2019enfance et de l\u2019adolescence, tandis que l\u2019\u00e9corce ou le corps consistait en leur manifestation adulte, mature, politique. Je pense en particulier aux <em>Noces Vermeilles<\/em> alias \u00ab La Vie de ma soeur \u00bb ou bien encore \u00e0 <em>La Troisi\u00e8me R\u00e9publique<\/em>alias \u00ab La Mort de Daniel \u00bb.<\/p>\n<p>[\/vc_column_text]<div class=\"krown-text-icon style-one\"><a class=\"icon-wrap\" href=\"https:\/\/www.marcmolk.fr\/fr\/peinture\/textes\/entretien-avec-jean-yves-jouannais-tout-se-melange-dans-mon-esprit-mars-2011\/\" target=\"_blank\"><i class=\"fa fa-fw fa-angle-double-right fa-regular\" style=\"color:#dd3333\"><\/i><h5>Lire la suite<\/h5><\/a><\/div>[\/vc_column][vc_column width=\u00a0\u00bb1\/3&Prime; css=\u00a0\u00bb.vc_custom_1439777937328{border-width: 0px !important;padding: 0px !important;}\u00a0\u00bb][vc_single_image image=\u00a0\u00bb1992&Prime; img_link_custom=\u00a0\u00bbhttps:\/\/www.marcmolk.fr\/fr\/peinture\/textes\/entretien-avec-jean-yves-jouannais-tout-se-melange-dans-mon-esprit-mars-2011\/\u00a0\u00bb][\/vc_column][\/vc_row][vc_row][vc_column css=\u00a0\u00bb.vc_custom_1457635359997{border-top-width: 0px !important;border-right-width: 0px !important;border-bottom-width: 0px !important;border-left-width: 0px !important;padding-top: 0px !important;padding-right: 0px !important;padding-bottom: 0px !important;padding-left: 0px !important;background-color: #ffffff !important;}\u00a0\u00bb][vc_separator][\/vc_column][\/vc_row][vc_row][vc_column width=\u00a0\u00bb1\/3&Prime; css=\u00a0\u00bb.vc_custom_1439777232822{border-width: 0px !important;padding: 0px !important;}\u00a0\u00bb][vc_single_image image=\u00a0\u00bb1988&Prime; img_link_custom=\u00a0\u00bbhttps:\/\/www.marcmolk.fr\/fr\/peinture\/textes\/eloise-lievre-les-dessins-mouilles-de-marc-molk-janvier-2010\/\u00a0\u00bb][\/vc_column][vc_column width=\u00a0\u00bb2\/3&Prime; css=\u00a0\u00bb.vc_custom_1455382356983{border-top-width: 0px !important;border-right-width: 0px !important;padding-top: 0px !important;padding-right: 0px !important;}\u00a0\u00bb][vc_text_separator title=\u00a0\u00bbElo\u00efse Li\u00e8vre\u00a0\u00bb subtitle=\u00a0\u00bb\u00ab Les dessins mouill\u00e9s de Marc Molk \u00bb, janvier 2010&Prime; style=\u00a0\u00bbsmall\u00a0\u00bb align=\u00a0\u00bbright\u00a0\u00bb][vc_column_text]<\/p>\n<p style=\"text-align: justify;\">Puisqu\u2019il faut parler, \u00e9crire, enrober de mots, sarcler, d\u00e9crire, alors il faut tout d\u2019abord noter la technique employ\u00e9e, et sa m\u00e9lancolie intrins\u00e8que, son c\u00f4t\u00e9 \u00ab inond\u00e9 de larmes \u00bb. Marc Molk r\u00e9alise \u00ab des dessins mouill\u00e9s \u00bb.<\/p>\n<p style=\"text-align: justify;\">Il faut du courage pour abandonner ainsi des compositions soign\u00e9es, au trait fin, gourmandes en temps, en pr\u00e9cision, \u00e0 l\u2019action de l\u2019eau. Je me suis laiss\u00e9 dire d\u2019ailleurs que plusieurs dessins, beaucoup, n\u2019y avaient pas surv\u00e9cu. On ne commande pas \u00e0 l\u2019eau d\u2019aller \u00e0 gauche ou \u00e0 droite, ou si peu. Le trait se dissout, perd en rigueur, gagne en fluidit\u00e9, en complexit\u00e9. Parfois ce sont des cheveux qui s\u2019en \u00e9chappent et forment une sorte de crini\u00e8re. Parfois on dirait les traces du cr\u00e9pitement d\u2019une pluie minuscule et torrentielle, qui d\u00e9sagr\u00e8ge \u00ab le fil du trait \u00bb. Ce fil reste pourtant toujours pr\u00e9sent, quelquefois sous la forme d\u2019une trace fant\u00f4me, presque orang\u00e9e.<\/p>\n<p>[\/vc_column_text]<div class=\"krown-text-icon style-one\"><a class=\"icon-wrap\" href=\"https:\/\/www.marcmolk.fr\/fr\/peinture\/textes\/eloise-lievre-les-dessins-mouilles-de-marc-molk-janvier-2010\/\" target=\"_blank\"><i class=\"fa fa-fw fa-angle-double-right fa-regular\" style=\"color:#dd3333\"><\/i><h5>Lire la suite<\/h5><\/a><\/div>[\/vc_column][\/vc_row][vc_row][vc_column css=\u00a0\u00bb.vc_custom_1457635369660{border-top-width: 0px !important;border-right-width: 0px !important;border-bottom-width: 0px !important;border-left-width: 0px !important;padding-top: 0px !important;padding-right: 0px !important;padding-bottom: 0px !important;padding-left: 0px !important;background-color: #ffffff !important;}\u00a0\u00bb][vc_separator][\/vc_column][\/vc_row][vc_row][vc_column width=\u00a0\u00bb2\/3&Prime; css=\u00a0\u00bb.vc_custom_1455382362359{border-top-width: 0px !important;border-left-width: 0px !important;padding-top: 0px !important;padding-left: 0px !important;}\u00a0\u00bb][vc_text_separator title=\u00a0\u00bbPierre-Yves Quiviger\u00a0\u00bb subtitle=\u00a0\u00bb\u00ab La for\u00eat fran\u00e7aise de Marc Molk \u00bb, septembre 2008&Prime; style=\u00a0\u00bbsmall\u00a0\u00bb][vc_column_text]<\/p>\n<p style=\"text-align: justify;\">Je crois que je n\u2019oublierai jamais l\u2019apr\u00e8s-midi o\u00f9 Marc Molk m\u2019a montr\u00e9 ce tableau, presque achev\u00e9, dans son atelier. J\u2019\u00e9tais debout, un peu tremblant, la voix cass\u00e9e, et il me disait \u00ab \u00e7a s\u2019appelle La lib\u00e9ration sexuelle \u00bb. Et je voyais bien qu\u2019il y avait une femme jambes \u00e9cart\u00e9es, avec l\u2019origine du monde ; je voyais bien sa vulve offerte contrastant avec le haut de son corps inaccessible derri\u00e8re la couronne d\u2019\u00e9pines et son visage en larmes.<\/p>\n<p style=\"text-align: justify;\">Mais avant de voir cette femme, j\u2019ai vu son double, derri\u00e8re, et l\u2019arri\u00e8re-pays, comme dans le livre d\u2019Yves Bonnefoy, de 1972, l\u2019ann\u00e9e de naissance de Marc Molk. J\u2019ai vu la for\u00eat fran\u00e7aise comme je ne l\u2019avais pas vue depuis Watteau ou Boucher \u2013 nuage-vulve, for\u00eat-matrice.<\/p>\n<p>[\/vc_column_text]<div class=\"krown-text-icon style-one\"><a class=\"icon-wrap\" href=\"https:\/\/www.marcmolk.fr\/fr\/peinture\/textes\/pierre-yves-quiviger-la-foret-francaise-de-marc-molk-septembre-2008\/\" target=\"_blank\"><i class=\"fa fa-fw fa-angle-double-right fa-regular\" style=\"color:#dd3333\"><\/i><h5>Lire la suite<\/h5><\/a><\/div>[\/vc_column][vc_column width=\u00a0\u00bb1\/3&Prime; css=\u00a0\u00bb.vc_custom_1439777937328{border-width: 0px !important;padding: 0px !important;}\u00a0\u00bb][vc_single_image image=\u00a0\u00bb1712&Prime; img_link_custom=\u00a0\u00bbhttps:\/\/www.marcmolk.fr\/fr\/peinture\/textes\/pierre-yves-quiviger-la-foret-francaise-de-marc-molk-septembre-2008\/\u00a0\u00bb][\/vc_column][\/vc_row]<\/p>\n","protected":false},"excerpt":{"rendered":"<p>[vc_row][vc_column width=\u00a0\u00bb1\/3&Prime; css=\u00a0\u00bb.vc_custom_1439777232822{border-width: 0px !important;padding: 0px !important;}\u00a0\u00bb][vc_single_image image=\u00a0\u00bb1714&Prime; img_link_custom=\u00a0\u00bbhttps:\/\/www.marcmolk.fr\/fr\/peinture\/textes\/pierre-malachin-les-larmes-deros-mai-2012\/\u00a0\u00bb][\/vc_column][vc_column width=\u00a0\u00bb2\/3&Prime; css=\u00a0\u00bb.vc_custom_1455382786823{border-top-width: 0px !important;border-right-width: 0px !important;padding-top: 0px !important;padding-right: 0px !important;}\u00a0\u00bb][vc_text_separator title=\u00a0\u00bbPierre Malachin\u00a0\u00bb subtitle=\u00a0\u00bb\u00ab Les larmes d&rsquo;Eros \u00bb, mai 2012&Prime; style=\u00a0\u00bbsmall\u00a0\u00bb align=\u00a0\u00bbright\u00a0\u00bb][vc_column_text] D\u2019\u00e9vidence les peintures de Marc Molk nous placent dans un sentiment inconfortable et presque anachronique de romantisme qui tient d\u2019un \u00e9tat de bouleversement. Certes, cet [&hellip;]<\/p>\n","protected":false},"author":1,"featured_media":0,"parent":2029,"menu_order":0,"comment_status":"closed","ping_status":"open","template":"","meta":[],"_links":{"self":[{"href":"https:\/\/www.marcmolk.fr\/fr\/wp-json\/wp\/v2\/pages\/2021"}],"collection":[{"href":"https:\/\/www.marcmolk.fr\/fr\/wp-json\/wp\/v2\/pages"}],"about":[{"href":"https:\/\/www.marcmolk.fr\/fr\/wp-json\/wp\/v2\/types\/page"}],"author":[{"embeddable":true,"href":"https:\/\/www.marcmolk.fr\/fr\/wp-json\/wp\/v2\/users\/1"}],"replies":[{"embeddable":true,"href":"https:\/\/www.marcmolk.fr\/fr\/wp-json\/wp\/v2\/comments?post=2021"}],"version-history":[{"count":27,"href":"https:\/\/www.marcmolk.fr\/fr\/wp-json\/wp\/v2\/pages\/2021\/revisions"}],"predecessor-version":[{"id":11569,"href":"https:\/\/www.marcmolk.fr\/fr\/wp-json\/wp\/v2\/pages\/2021\/revisions\/11569"}],"up":[{"embeddable":true,"href":"https:\/\/www.marcmolk.fr\/fr\/wp-json\/wp\/v2\/pages\/2029"}],"wp:attachment":[{"href":"https:\/\/www.marcmolk.fr\/fr\/wp-json\/wp\/v2\/media?parent=2021"}],"curies":[{"name":"wp","href":"https:\/\/api.w.org\/{rel}","templated":true}]}}