{"id":12091,"date":"2017-03-12T23:52:22","date_gmt":"2017-03-12T22:52:22","guid":{"rendered":"http:\/\/www.marcmolk.fr\/fr\/?page_id=12091"},"modified":"2017-04-19T01:35:13","modified_gmt":"2017-04-18T23:35:13","slug":"je-ressens-la-pluie-dune-autre-planete-marion-bataillard-marc-molk-03-25-fevrier-2017-galerie-alb-paris","status":"publish","type":"page","link":"https:\/\/www.marcmolk.fr\/fr\/peinture\/vues-dexpositions\/je-ressens-la-pluie-dune-autre-planete-marion-bataillard-marc-molk-03-25-fevrier-2017-galerie-alb-paris\/","title":{"rendered":"Je ressens la pluie d&rsquo;une autre plan\u00e8te, Marion Bataillard, Marc Molk, 03 > 25 f\u00e9vrier 2017, Galerie ALB, Paris"},"content":{"rendered":"<p>[vc_row][vc_column width=\u00a0\u00bb1\/3&Prime;][vc_text_separator title=\u00a0\u00bbJe ressens la pluie d&rsquo;une autre plan\u00e8te\u00a0\u00bb subtitle=\u00a0\u00bbGalerie ALB, 2017&Prime;][\/vc_column][vc_column width=\u00a0\u00bb2\/3&Prime; css=\u00a0\u00bb.vc_custom_1489349298908{border-top-width: 0px !important;border-right-width: 0px !important;border-bottom-width: 0px !important;border-left-width: 0px !important;padding-top: 0px !important;padding-right: 0px !important;padding-bottom: 0px !important;padding-left: 0px !important;}\u00a0\u00bb][vc_column_text]<\/p>\n<div class=\"krown-thumbnail-gallery clearfix\"><a class=\"fancybox fancybox-thumb first\" data-fancybox-group=\"gallery-1\" data-fancybox-title=\"La vieille alg\u00e8bre des peines d'amour, Marc Molk, 2016-2017, huile et acrylique sur toile, diam\u00e8tre 80 cm\" href=\"https:\/\/www.marcmolk.fr\/neo\/wp-content\/uploads\/2017\/03\/marcmolk-jeressenslapluieduneautreplanete-010.jpg\" style=\"width:33.333333333333%\"><img src=\"https:\/\/www.marcmolk.fr\/neo\/wp-content\/uploads\/2017\/03\/marcmolk-jeressenslapluieduneautreplanete-010-432x432.jpg\" alt=\"La vieille alg\u00e8bre des peines d'amour, Marc Molk, 2016-2017, huile et acrylique sur toile, diam\u00e8tre 80 cm\" \/><\/a><a class=\"fancybox fancybox-thumb\" data-fancybox-group=\"gallery-1\" data-fancybox-title=\"\u00c0 gauche : Marion Bataillard \/ Au milieu : Marc Molk \/ \u00c0 droite : Marion Bataillard\" href=\"https:\/\/www.marcmolk.fr\/neo\/wp-content\/uploads\/2017\/03\/marcmolk-jeressenslapluieduneautreplanete-014.jpg\" style=\"width:33.333333333333%\"><img src=\"https:\/\/www.marcmolk.fr\/neo\/wp-content\/uploads\/2017\/03\/marcmolk-jeressenslapluieduneautreplanete-014-432x432.jpg\" alt=\"\u00c0 gauche : Marion Bataillard \/ Au milieu : Marc Molk \/ \u00c0 droite : Marion Bataillard\" \/><\/a><a class=\"fancybox fancybox-thumb last\" data-fancybox-group=\"gallery-1\" data-fancybox-title=\"M\u00e9lange des peintures de Marion Bataillard et Marc Molk\" href=\"https:\/\/www.marcmolk.fr\/neo\/wp-content\/uploads\/2017\/03\/marcmolk-jeressenslapluieduneautreplanete-015.jpg\" style=\"width:33.333333333333%\"><img src=\"https:\/\/www.marcmolk.fr\/neo\/wp-content\/uploads\/2017\/03\/marcmolk-jeressenslapluieduneautreplanete-015-432x432.jpg\" alt=\"M\u00e9lange des peintures de Marion Bataillard et Marc Molk\" \/><\/a><a class=\"fancybox fancybox-thumb first\" data-fancybox-group=\"gallery-1\" data-fancybox-title=\"\u00c0 gauche : Marc Molk \/ Au milieu : Marion Bataillard \/ \u00c0 droite (diptyque) : Marc Molk\" href=\"https:\/\/www.marcmolk.fr\/neo\/wp-content\/uploads\/2017\/03\/marcmolk-jeressenslapluieduneautreplanete-016.jpg\" style=\"width:33.333333333333%\"><img src=\"https:\/\/www.marcmolk.fr\/neo\/wp-content\/uploads\/2017\/03\/marcmolk-jeressenslapluieduneautreplanete-016-432x432.jpg\" alt=\"\u00c0 gauche : Marc Molk \/ Au milieu : Marion Bataillard \/ \u00c0 droite (diptyque) : Marc Molk\" \/><\/a><a class=\"fancybox fancybox-thumb\" data-fancybox-group=\"gallery-1\" data-fancybox-title=\"Les cris de la f\u00e9e, Marc Molk, 2016-2017, huile, acrylique et paillettes sur toile, 162x130 cm\" href=\"https:\/\/www.marcmolk.fr\/neo\/wp-content\/uploads\/2017\/03\/marcmolk-jeressenslapluieduneautreplanete-040.jpg\" style=\"width:33.333333333333%\"><img src=\"https:\/\/www.marcmolk.fr\/neo\/wp-content\/uploads\/2017\/03\/marcmolk-jeressenslapluieduneautreplanete-040-432x432.jpg\" alt=\"Les cris de la f\u00e9e, Marc Molk, 2016-2017, huile, acrylique et paillettes sur toile, 162x130 cm\" \/><\/a><a class=\"fancybox fancybox-thumb last\" data-fancybox-group=\"gallery-1\" data-fancybox-title=\"L'adolescence \u00e0 l'\u00e2ge adulte, Marc Molk, 2016-2017, huile, acrylique et paillettes sur toile, 97x130 cm\" href=\"https:\/\/www.marcmolk.fr\/neo\/wp-content\/uploads\/2017\/03\/marcmolk-jeressenslapluieduneautreplanete-090.jpg\" style=\"width:33.333333333333%\"><img src=\"https:\/\/www.marcmolk.fr\/neo\/wp-content\/uploads\/2017\/03\/marcmolk-jeressenslapluieduneautreplanete-090-432x432.jpg\" alt=\"L'adolescence \u00e0 l'\u00e2ge adulte, Marc Molk, 2016-2017, huile, acrylique et paillettes sur toile, 97x130 cm\" \/><\/a><a class=\"fancybox fancybox-thumb first\" data-fancybox-group=\"gallery-1\" data-fancybox-title=\"\u00c0 gauche : Tentative immobile de r\u00e9gner sur la France, Marc Molk, 2015, huile et acrylique sur toile, 162x130 cm \/ \u00c0 droite : Le pouvoir des \u00e9lixirs, Marc Molk, 2016-2017, huile et acrylique sur toile, 162x130 cm\" href=\"https:\/\/www.marcmolk.fr\/neo\/wp-content\/uploads\/2017\/03\/marcmolk-jeressenslapluieduneautreplanete-110.jpg\" style=\"width:33.333333333333%\"><img src=\"https:\/\/www.marcmolk.fr\/neo\/wp-content\/uploads\/2017\/03\/marcmolk-jeressenslapluieduneautreplanete-110-432x432.jpg\" alt=\"\u00c0 gauche : Tentative immobile de r\u00e9gner sur la France, Marc Molk, 2015, huile et acrylique sur toile, 162x130 cm \/ \u00c0 droite : Le pouvoir des \u00e9lixirs, Marc Molk, 2016-2017, huile et acrylique sur toile, 162x130 cm\" \/><\/a><\/div>\n<p>[\/vc_column_text][vc_separator][vc_row_inner css=\u00a0\u00bb.vc_custom_1489354211532{border-width: 0px !important;padding: 0px !important;background-image: url(http:\/\/www.marcmolk.fr\/neo\/wp-content\/uploads\/2015\/08\/fond-rayures-1sur1.jpg?id=1447) !important;}\u00a0\u00bb][vc_column_inner width=\u00a0\u00bb1\/1&Prime;][vc_separator][\/vc_column_inner][\/vc_row_inner][vc_column_text]EXPOSITION EN DUO<\/p>\n<p>MARION BATAILLARD, MARC MOLK<\/p>\n<p>Exposition du 03 au 25 f\u00e9vrier 2017<br \/>\nVernissage Jeudi 02 f\u00e9vrier 2017 \/ 18h &gt; 22h<br \/>\nGalerie ALB, 47 rue Chapon 75003 Paris<\/p>\n<p>Cette exposition fait partie du parcours Chamalot :\u00a010 ans de r\u00e9sidences, 10 galeries, 1 parcours de peinture contemporaine au c\u0153ur de Paris.[\/vc_column_text][vc_separator][vc_column_text]<\/p>\n<p style=\"text-align: justify;\"><em>S\u2019inviter mutuellement dans la peinture de l\u2019autre<\/em><\/p>\n<p><em>Enfiler une robe de sir\u00e8ne, brandir un couteau, r\u00e9gner sur le monde, p\u00e9trir des\u00a0seins roses, regarder en l\u2019air, recevoir un signe : une poign\u00e9e de cailloux, une couronne\u00a0en papier, un bouquet de groseille, un fouet de ronces, un baiser.\u00a0La vie ordinaire, la vie r\u00eav\u00e9e.<\/em><\/p>\n<p><em>Marion Bataillard et Marc Molk sont habit\u00e9s tous deux par un certain lyrisme, qui louvoie entre provocation champ\u00eatre, impudeur sentimentale et pathos autobiographique. Pour cette exposition en duo, ils ont d\u00e9cid\u00e9 de s\u2019inviter mutuellement dans la peinture de l\u2019autre. Marion Bataillard appara\u00eetra dans les tableaux de Marc Molk, Marc Molk appara\u00eetra dans ceux de Marion Bataillard. Ils \u00e9changeront certains\u00a0motifs et joueront de ces entrelacs.<\/em><\/p>\n<p>[\/vc_column_text][vc_separator][vc_row_inner css=\u00a0\u00bb.vc_custom_1489354211532{border-width: 0px !important;padding: 0px !important;background-image: url(http:\/\/www.marcmolk.fr\/neo\/wp-content\/uploads\/2015\/08\/fond-rayures-1sur1.jpg?id=1447) !important;}\u00a0\u00bb][vc_column_inner width=\u00a0\u00bb1\/1&Prime;][vc_separator][\/vc_column_inner][\/vc_row_inner][vc_column_text]Entretien avec Marion Bataillard et Marc Molk \u00e0 l&rsquo;occasion de leur exposition en duo :<br \/>\nR\u00e9alisation\u00a0: Pierric Paulian[\/vc_column_text][vc_raw_js]JTNDaWZyYW1lJTIwc3JjJTNEJTIyaHR0cHMlM0ElMkYlMkZwbGF5ZXIudmltZW8uY29tJTJGdmlkZW8lMkYyMDQ3NDEwNjElM0Z0aXRsZSUzRDAlMjZieWxpbmUlM0QwJTI2cG9ydHJhaXQlM0QwJTIyJTIwd2lkdGglM0QlMjI3MDAlMjIlMjBoZWlnaHQlM0QlMjIzOTQlMjIlMjBmcmFtZWJvcmRlciUzRCUyMjAlMjIlMjB3ZWJraXRhbGxvd2Z1bGxzY3JlZW4lMjBtb3phbGxvd2Z1bGxzY3JlZW4lMjBhbGxvd2Z1bGxzY3JlZW4lM0UlM0MlMkZpZnJhbWUlM0U=[\/vc_raw_js][\/vc_column][\/vc_row]<\/p>\n","protected":false},"excerpt":{"rendered":"<p>[vc_row][vc_column width=\u00a0\u00bb1\/3&Prime;][vc_text_separator title=\u00a0\u00bbJe ressens la pluie d&rsquo;une autre plan\u00e8te\u00a0\u00bb subtitle=\u00a0\u00bbGalerie ALB, 2017&Prime;][\/vc_column][vc_column width=\u00a0\u00bb2\/3&Prime; css=\u00a0\u00bb.vc_custom_1489349298908{border-top-width: 0px !important;border-right-width: 0px !important;border-bottom-width: 0px !important;border-left-width: 0px !important;padding-top: 0px !important;padding-right: 0px !important;padding-bottom: 0px !important;padding-left: 0px !important;}\u00a0\u00bb][vc_column_text] [\/vc_column_text][vc_separator][vc_row_inner css=\u00a0\u00bb.vc_custom_1489354211532{border-width: 0px !important;padding: 0px !important;background-image: url(http:\/\/www.marcmolk.fr\/neo\/wp-content\/uploads\/2015\/08\/fond-rayures-1sur1.jpg?id=1447) !important;}\u00a0\u00bb][vc_column_inner width=\u00a0\u00bb1\/1&Prime;][vc_separator][\/vc_column_inner][\/vc_row_inner][vc_column_text]EXPOSITION EN DUO MARION BATAILLARD, MARC MOLK Exposition du 03 au 25 f\u00e9vrier 2017 Vernissage Jeudi 02 [&hellip;]<\/p>\n","protected":false},"author":1,"featured_media":0,"parent":2033,"menu_order":0,"comment_status":"closed","ping_status":"closed","template":"","meta":[],"_links":{"self":[{"href":"https:\/\/www.marcmolk.fr\/fr\/wp-json\/wp\/v2\/pages\/12091"}],"collection":[{"href":"https:\/\/www.marcmolk.fr\/fr\/wp-json\/wp\/v2\/pages"}],"about":[{"href":"https:\/\/www.marcmolk.fr\/fr\/wp-json\/wp\/v2\/types\/page"}],"author":[{"embeddable":true,"href":"https:\/\/www.marcmolk.fr\/fr\/wp-json\/wp\/v2\/users\/1"}],"replies":[{"embeddable":true,"href":"https:\/\/www.marcmolk.fr\/fr\/wp-json\/wp\/v2\/comments?post=12091"}],"version-history":[{"count":11,"href":"https:\/\/www.marcmolk.fr\/fr\/wp-json\/wp\/v2\/pages\/12091\/revisions"}],"predecessor-version":[{"id":12093,"href":"https:\/\/www.marcmolk.fr\/fr\/wp-json\/wp\/v2\/pages\/12091\/revisions\/12093"}],"up":[{"embeddable":true,"href":"https:\/\/www.marcmolk.fr\/fr\/wp-json\/wp\/v2\/pages\/2033"}],"wp:attachment":[{"href":"https:\/\/www.marcmolk.fr\/fr\/wp-json\/wp\/v2\/media?parent=12091"}],"curies":[{"name":"wp","href":"https:\/\/api.w.org\/{rel}","templated":true}]}}