{"id":12059,"date":"2017-03-12T22:38:33","date_gmt":"2017-03-12T21:38:33","guid":{"rendered":"http:\/\/www.marcmolk.fr\/fr\/?page_id=12059"},"modified":"2017-03-17T11:11:15","modified_gmt":"2017-03-17T10:11:15","slug":"linstance-de-la-lettre-marc-molk-cheri-samba-kimiko-yoshida-18-octobre-3-decembre-2016-galerie-marguerite-milin-paris","status":"publish","type":"page","link":"https:\/\/www.marcmolk.fr\/fr\/peinture\/vues-dexpositions\/linstance-de-la-lettre-marc-molk-cheri-samba-kimiko-yoshida-18-octobre-3-decembre-2016-galerie-marguerite-milin-paris\/","title":{"rendered":"L&rsquo;instance de la lettre, Marc Molk, Ch\u00e9ri Samba, Kimiko Yoshida, 18 octobre > 3 d\u00e9cembre 2016, Galerie Marguerite Milin, Paris"},"content":{"rendered":"<p>[vc_row][vc_column width=\u00a0\u00bb1\/3&Prime;][vc_text_separator title=\u00a0\u00bbL&rsquo;instance de la lettre\u00a0\u00bb subtitle=\u00a0\u00bbGalerie Marguerite Milin, 2016&Prime;][\/vc_column][vc_column width=\u00a0\u00bb2\/3&Prime; css=\u00a0\u00bb.vc_custom_1489349298908{border-top-width: 0px !important;border-right-width: 0px !important;border-bottom-width: 0px !important;border-left-width: 0px !important;padding-top: 0px !important;padding-right: 0px !important;padding-bottom: 0px !important;padding-left: 0px !important;}\u00a0\u00bb][vc_column_text]<\/p>\n<div class=\"krown-thumbnail-gallery clearfix\"><a class=\"fancybox fancybox-thumb first\" data-fancybox-group=\"gallery-1\" data-fancybox-title=\"L'instance de la lettre \/ Exposition collective \/ MARC MOLK (\u00e0 gauche), CH\u00c9RI SAMBA (\u00e0 droite), KIMIKO YOSHIDA\" href=\"https:\/\/www.marcmolk.fr\/neo\/wp-content\/uploads\/2017\/03\/marcmolk-linstancedelalettre-01-hd-1.jpg\" style=\"width:33.333333333333%\"><img src=\"https:\/\/www.marcmolk.fr\/neo\/wp-content\/uploads\/2017\/03\/marcmolk-linstancedelalettre-01-hd-1-432x432.jpg\" alt=\"L'instance de la lettre \/ Exposition collective \/ MARC MOLK (\u00e0 gauche), CH\u00c9RI SAMBA (\u00e0 droite), KIMIKO YOSHIDA\" \/><\/a><a class=\"fancybox fancybox-thumb\" data-fancybox-group=\"gallery-1\" data-fancybox-title=\"L'instance de la lettre \/ Exposition collective \/ MARC MOLK (sur la photographie), CH\u00c9RI SAMBA, KIMIKO YOSHIDA\" href=\"https:\/\/www.marcmolk.fr\/neo\/wp-content\/uploads\/2017\/03\/marcmolk-linstancedelalettre-02-hd-1.jpg\" style=\"width:33.333333333333%\"><img src=\"https:\/\/www.marcmolk.fr\/neo\/wp-content\/uploads\/2017\/03\/marcmolk-linstancedelalettre-02-hd-1-432x432.jpg\" alt=\"L'instance de la lettre \/ Exposition collective \/ MARC MOLK (sur la photographie), CH\u00c9RI SAMBA, KIMIKO YOSHIDA\" \/><\/a><a class=\"fancybox fancybox-thumb last\" data-fancybox-group=\"gallery-1\" data-fancybox-title=\"L'instance de la lettre \/ Exposition collective \/ MARC MOLK (\u00e0 gauche), CH\u00c9RI SAMBA, KIMIKO YOSHIDA (\u00e0 droite)\" href=\"https:\/\/www.marcmolk.fr\/neo\/wp-content\/uploads\/2017\/03\/marcmolk-linstancedelalettre-03-hd-1.jpg\" style=\"width:33.333333333333%\"><img src=\"https:\/\/www.marcmolk.fr\/neo\/wp-content\/uploads\/2017\/03\/marcmolk-linstancedelalettre-03-hd-1-432x432.jpg\" alt=\"L'instance de la lettre \/ Exposition collective \/ MARC MOLK (\u00e0 gauche), CH\u00c9RI SAMBA, KIMIKO YOSHIDA (\u00e0 droite)\" \/><\/a><a class=\"fancybox fancybox-thumb first\" data-fancybox-group=\"gallery-1\" data-fancybox-title=\"L'instance de la lettre \/ Exposition collective \/ MARC MOLK (sur la photographie), CH\u00c9RI SAMBA, KIMIKO YOSHIDA\" href=\"https:\/\/www.marcmolk.fr\/neo\/wp-content\/uploads\/2017\/03\/marcmolk-linstancedelalettre-04-hd-1.jpg\" style=\"width:33.333333333333%\"><img src=\"https:\/\/www.marcmolk.fr\/neo\/wp-content\/uploads\/2017\/03\/marcmolk-linstancedelalettre-04-hd-1-432x432.jpg\" alt=\"L'instance de la lettre \/ Exposition collective \/ MARC MOLK (sur la photographie), CH\u00c9RI SAMBA, KIMIKO YOSHIDA\" \/><\/a><a class=\"fancybox fancybox-thumb\" data-fancybox-group=\"gallery-1\" data-fancybox-title=\"L'instance de la lettre \/ Exposition collective \/ MARC MOLK (sur la photographie), CH\u00c9RI SAMBA, KIMIKO YOSHIDA\" href=\"https:\/\/www.marcmolk.fr\/neo\/wp-content\/uploads\/2017\/03\/marcmolk-linstancedelalettre-05-hd-1.jpg\" style=\"width:33.333333333333%\"><img src=\"https:\/\/www.marcmolk.fr\/neo\/wp-content\/uploads\/2017\/03\/marcmolk-linstancedelalettre-05-hd-1-432x432.jpg\" alt=\"L'instance de la lettre \/ Exposition collective \/ MARC MOLK (sur la photographie), CH\u00c9RI SAMBA, KIMIKO YOSHIDA\" \/><\/a><a class=\"fancybox fancybox-thumb last\" data-fancybox-group=\"gallery-1\" data-fancybox-title=\"L'instance de la lettre \/ Exposition collective \/ MARC MOLK (sur la photographie), CH\u00c9RI SAMBA, KIMIKO YOSHIDA\" href=\"https:\/\/www.marcmolk.fr\/neo\/wp-content\/uploads\/2017\/03\/marcmolk-linstancedelalettre-06-hd-1.jpg\" style=\"width:33.333333333333%\"><img src=\"https:\/\/www.marcmolk.fr\/neo\/wp-content\/uploads\/2017\/03\/marcmolk-linstancedelalettre-06-hd-1-432x432.jpg\" alt=\"L'instance de la lettre \/ Exposition collective \/ MARC MOLK (sur la photographie), CH\u00c9RI SAMBA, KIMIKO YOSHIDA\" \/><\/a><a class=\"fancybox fancybox-thumb first\" data-fancybox-group=\"gallery-1\" data-fancybox-title=\"L'instance de la lettre \/ Exposition collective \/ MARC MOLK (sur la photographie), CH\u00c9RI SAMBA, KIMIKO YOSHIDA\" href=\"https:\/\/www.marcmolk.fr\/neo\/wp-content\/uploads\/2017\/03\/marcmolk-linstancedelalettre-07-hd-1.jpg\" style=\"width:33.333333333333%\"><img src=\"https:\/\/www.marcmolk.fr\/neo\/wp-content\/uploads\/2017\/03\/marcmolk-linstancedelalettre-07-hd-1-432x432.jpg\" alt=\"L'instance de la lettre \/ Exposition collective \/ MARC MOLK (sur la photographie), CH\u00c9RI SAMBA, KIMIKO YOSHIDA\" \/><\/a><\/div>\n<p>[\/vc_column_text][vc_separator][vc_row_inner css=\u00a0\u00bb.vc_custom_1489354211532{border-width: 0px !important;padding: 0px !important;background-image: url(http:\/\/www.marcmolk.fr\/neo\/wp-content\/uploads\/2015\/08\/fond-rayures-1sur1.jpg?id=1447) !important;}\u00a0\u00bb][vc_column_inner width=\u00a0\u00bb1\/1&Prime;][vc_separator][\/vc_column_inner][\/vc_row_inner][vc_column_text]EXPOSITION COLLECTIVE<\/p>\n<p>MARC MOLK, CH\u00c9RI SAMBA, KIMIKO YOSHIDA<\/p>\n<p>Exposition du 18 octobre au 3 d\u00e9cembre 2016<br \/>\nVernissage : Lundi 17 octobre 2016, 19h30 &gt; 21h<br \/>\nGalerie Marguerite Milin, 5 rue M\u00e9dicis, 75006 Paris[\/vc_column_text][vc_separator][vc_column_text]<\/p>\n<p style=\"text-align: justify;\"><em>Trois expressions artistiques sur une expression lacanienne<\/em><\/p>\n<p style=\"text-align: justify;\"><em>\u00ab\u00a0L&rsquo;instance de la lettre\u00a0\u00bb est une expression emprunt\u00e9e \u00e0 Jacques Lacan. La psychanalyse est un art de la parole, mais elle accorde \u00e0 l&rsquo;\u00e9crit une importance cruciale. L&rsquo;\u00e9criture est un lieu sp\u00e9cifique du langage. Tout ce qui est \u00e9crit r\u00e9siste par nature, insiste, persiste. Tout ce qui est \u00e9crit peut, doit \u00eatre\u00a0pris \u00ab\u00a0au pied de la lettre\u00a0\u00bb.<\/em><\/p>\n<p style=\"text-align: justify;\"><em>La pr\u00e9sence d&rsquo;\u00e9criture dans une image est toujours surprenante. On croit assister \u00e0 la concurrence de\u00a0deux syst\u00e8mes de repr\u00e9sentation qui normalement se ha\u00efssent, se repoussent, mais parfois, de fa\u00e7on\u00a0\u00e9trange, s&rsquo;apparient.\u00a0<\/em><\/p>\n<p style=\"text-align: justify;\"><em>Cette exposition r\u00e9unit des oeuvres de Marc Molk, Ch\u00e9ri Samba et Kimiko Yoshida, qui toutes jouent\u00a0avec ce feu-l\u00e0, le feu du texte au coeur de l&rsquo;image. \u00c0 travers trois types de m\u00e9diums : la\u00a0photographie, le dessin et la peinture, trois pistes o\u00f9 la lettre s&rsquo;invite dans l&rsquo;image sont suivies, qui\u00a0toutes assument un risque initial, celui d&rsquo;un mariage improbable.<\/em><\/p>\n<p>[\/vc_column_text][\/vc_column][\/vc_row]<\/p>\n","protected":false},"excerpt":{"rendered":"<p>[vc_row][vc_column width=\u00a0\u00bb1\/3&Prime;][vc_text_separator title=\u00a0\u00bbL&rsquo;instance de la lettre\u00a0\u00bb subtitle=\u00a0\u00bbGalerie Marguerite Milin, 2016&Prime;][\/vc_column][vc_column width=\u00a0\u00bb2\/3&Prime; css=\u00a0\u00bb.vc_custom_1489349298908{border-top-width: 0px !important;border-right-width: 0px !important;border-bottom-width: 0px !important;border-left-width: 0px !important;padding-top: 0px !important;padding-right: 0px !important;padding-bottom: 0px !important;padding-left: 0px !important;}\u00a0\u00bb][vc_column_text] [\/vc_column_text][vc_separator][vc_row_inner css=\u00a0\u00bb.vc_custom_1489354211532{border-width: 0px !important;padding: 0px !important;background-image: url(http:\/\/www.marcmolk.fr\/neo\/wp-content\/uploads\/2015\/08\/fond-rayures-1sur1.jpg?id=1447) !important;}\u00a0\u00bb][vc_column_inner width=\u00a0\u00bb1\/1&Prime;][vc_separator][\/vc_column_inner][\/vc_row_inner][vc_column_text]EXPOSITION COLLECTIVE MARC MOLK, CH\u00c9RI SAMBA, KIMIKO YOSHIDA Exposition du 18 octobre au 3 d\u00e9cembre 2016 Vernissage : Lundi [&hellip;]<\/p>\n","protected":false},"author":1,"featured_media":0,"parent":2033,"menu_order":0,"comment_status":"closed","ping_status":"closed","template":"","meta":[],"_links":{"self":[{"href":"https:\/\/www.marcmolk.fr\/fr\/wp-json\/wp\/v2\/pages\/12059"}],"collection":[{"href":"https:\/\/www.marcmolk.fr\/fr\/wp-json\/wp\/v2\/pages"}],"about":[{"href":"https:\/\/www.marcmolk.fr\/fr\/wp-json\/wp\/v2\/types\/page"}],"author":[{"embeddable":true,"href":"https:\/\/www.marcmolk.fr\/fr\/wp-json\/wp\/v2\/users\/1"}],"replies":[{"embeddable":true,"href":"https:\/\/www.marcmolk.fr\/fr\/wp-json\/wp\/v2\/comments?post=12059"}],"version-history":[{"count":7,"href":"https:\/\/www.marcmolk.fr\/fr\/wp-json\/wp\/v2\/pages\/12059\/revisions"}],"predecessor-version":[{"id":12061,"href":"https:\/\/www.marcmolk.fr\/fr\/wp-json\/wp\/v2\/pages\/12059\/revisions\/12061"}],"up":[{"embeddable":true,"href":"https:\/\/www.marcmolk.fr\/fr\/wp-json\/wp\/v2\/pages\/2033"}],"wp:attachment":[{"href":"https:\/\/www.marcmolk.fr\/fr\/wp-json\/wp\/v2\/media?parent=12059"}],"curies":[{"name":"wp","href":"https:\/\/api.w.org\/{rel}","templated":true}]}}